{"id":404686,"date":"2024-05-16T14:35:59","date_gmt":"2024-05-16T14:35:59","guid":{"rendered":"https:\/\/careers.tuigroup.com\/?page_id=404686"},"modified":"2024-05-16T14:35:59","modified_gmt":"2024-05-16T14:35:59","slug":"sova-your-crystal-online-assessment-internal","status":"publish","type":"page","link":"https:\/\/demo-1.carlashub.com\/index.php\/sova-your-crystal-online-assessment-internal\/","title":{"rendered":"SOVA Your Crystal Online Assessment &#8211; Internal"},"content":{"rendered":"\n<div class=\"wp-block-tcb-hero-image hero-image-container full-width\"><svg><clipPath id=\"desktop-2560-hero-svg\" clipPathUnits=\"objectBoundingBox\"><path d=\"M0.031,0 L0.969,0 C0.986,0,1,0.024,1,0.053 L1,0.887 L1,0.887 C0.92,0.955,0.659,1,0.5,1 C0.341,1,0.08,0.955,0,0.887 L0,0.053 C0,0.024,0.014,0,0.031,0\"><\/path><\/clipPath><clipPath id=\"desktop-1920-hero-svg\" clipPathUnits=\"objectBoundingBox\"><path d=\"M80,0l1760,0c44.183,0,80,35.817,80,80l0,921.026l0,0c-153.475,76.391,-655.659,126.974,-960,126.974c-304.341,0,-806.525,-50.583,-960,-126.975l0,-921.025c0,-44.183,35.817,-80,80,-80z\"><\/path><\/clipPath><clipPath id=\"desktop-big-hero-svg\" clipPathUnits=\"objectBoundingBox\"><path d=\"M0.056,0 h0.889 c0.031,0,0.056,0.042,0.056,0.095 v0.793 C0.92,0.955,0.659,1,0.5,1 c-0.159,0,-0.42,-0.045,-0.5,-0.113 V0.095 c0,-0.052,0.025,-0.095,0.056,-0.095\"><\/path><\/clipPath><clipPath id=\"desktop-hero-svg\" clipPathUnits=\"objectBoundingBox\"><path d=\"M0.074,0 h0.854 c0.04,0,0.072,0.042,0.072,0.093 V0.887 C0.894,0.955,0.71,1,0.5,1 c-0.21,0,-0.394,-0.045,-0.5,-0.113 V0.095 c0,-0.052,0.033,-0.095,0.074,-0.095\"><\/path><\/clipPath><clipPath id=\"mobile-hero-svg\" clipPathUnits=\"objectBoundingBox\"><path d=\"M0.085,0 H0.915 C0.962,0,1,0.024,1,0.055 V0.949 C0.888,0.983,0.721,1,0.5,1 S0.112,0.983,0,0.949 V0.055 C0,0.024,0.038,0,0.085,0\"><\/path><\/clipPath><\/svg><div class=\"image-1920-470 hero-img\" aria-label=\"\" style=\"background-image: url(https:\/\/careers.tuigroup.com\/wp-content\/uploads\/2022\/06\/51804376897_ddd36fa65a_o-scaled-1-1-e1686567976819.jpeg)\" data-image=\"https:\/\/careers.tuigroup.com\/wp-content\/uploads\/2022\/06\/51804376897_ddd36fa65a_o-scaled-1-1-e1686567976819.jpeg\"><\/div><div class=\"image-1920-470 hero-mobile-image\" aria-label=\"\" style=\"background-image: url(https:\/\/careers.tuigroup.com\/wp-content\/uploads\/2022\/06\/51804376897_ddd36fa65a_o-scaled-1-1-e1686568010857.jpeg)\" data-mobileimage=\"https:\/\/careers.tuigroup.com\/wp-content\/uploads\/2022\/06\/51804376897_ddd36fa65a_o-scaled-1-1-e1686568010857.jpeg\"><\/div><div class=\"hero-overlay-wrapper\"><a class=\"no-pointer\" target=\"_self\" rel=\"noopener noreferrer\"><div class=\"hero-overlay\"><h1 class=\"hero-image-headline hero-text\" style=\"color:#fff\"><\/h1><span class=\"hero-image-text hero-text\" style=\"color:#fff\">Hello from Crystal ski holidays<\/span><\/div><\/a><\/div><\/div>\n\n\n\n<div style=\"width:100%;padding:1%;background-color:#fff;border:0px solid #fff;margin-top:1%;margin-bottom:1%\" class=\"wp-block-tcb-separator\"><\/div>\n\n\n\n<div class=\"wp-block-tcb-image-text columns-50-50\" style=\"background-color:#fff;padding:5%\"><a class=\"image-16-9 force-second-col no-pointer\"><img src=\"https:\/\/careers.tuigroup.com\/wp-content\/uploads\/2022\/06\/CSH_GEN_BRA_22_G054-scaled-1.jpg\" alt=\"Ski G\u00e4stebetreuerin ber\u00e4t G\u00e4ste\"\/><\/a><div class=\"centered-text\">\n<h2 class=\"wp-block-heading has-dark-blue-color has-text-color\" id=\"h-welcome-to-your-rep-assessment\">Welcome to your Rep Assessment<\/h2>\n\n\n\n<p class=\"has-dark-blue-color has-text-color\">Hello again and welcome to your online Crystal Ski Assessment.&nbsp; This assessment has been designed to measure some of the key skills and attributes that are important when working in a Ski role here at Crystal. It will help us to identify what position you are best suited for and how your personality fits with the job.\u202f&nbsp;<\/p>\n\n\n\n<p class=\"has-dark-blue-color has-text-color\">Please allow approximately<strong> 30-40 minutes<\/strong> to complete the assessment. We&#8217;ve included some practice questions and further instructions to help guide you through. The assessment can be completed on a mobile, tablet or desktop in a comfortable environment of your choice.\u202f&nbsp;<\/p>\n\n\n\n<p class=\"has-dark-blue-color has-text-color\">If you think you might require additional support or any adjustments to complete this online assessment, then please contact us at <strong>candidates.tuimm@tui.com<\/strong>\u202f&nbsp;<\/p>\n<\/div><\/div>\n\n\n\n<div style=\"width:100%;padding:1%;background-color:#fff;border:0px solid #fff;margin-top:1%;margin-bottom:1%\" class=\"wp-block-tcb-separator\"><\/div>\n\n\n\n<p class=\"has-text-align-center has-dark-blue-color has-text-color has-x-large-font-size\">What To Expect<\/p>\n\n\n\n<p class=\"has-text-align-center has-dark-blue-color has-text-color has-medium-font-size\">This assessment is split into <strong>four<\/strong> components. Please complete each section as quickly and as accurately as you can.\u202f<\/p>\n\n\n\n<div class=\"wp-block-tcb-colored-container\" style=\"background:linear-gradient(180deg, rgba(255, 255, 255, 0) 100%, #fff 100%);padding:5%\"><div class=\"content-wrapper\">\n<div class=\"wp-block-tcb-shifted-image-text columns-50-50\" style=\"background-color:#70cbf4;margin:0 -5% 0 0\"><a class=\"image-16-9 force-second-col no-pointer\"><img src=\"https:\/\/careers.tuigroup.com\/wp-content\/uploads\/2022\/06\/CSH_GEN_BRA_22_G031-scaled.jpg\" alt=\"\"\/><\/a><div class=\"centered-text fixed-padding-mobile\" style=\"padding:5%\">\n<h2 class=\"wp-block-heading has-dark-blue-color has-text-color\" id=\"h-biographical-questions\">Biographical Questions<\/h2>\n\n\n\n<p class=\"has-dark-blue-color has-text-color\">A few questions to monitor equality and ensure the assessment is fair for everyone. Answering these questions is <strong>completely optional<\/strong>. Your data will be treated confidentially and will not form part of the recruitment process in any way or be visible to anyone involved in the selection process.\u202f\u202f\u202f<\/p>\n<\/div><\/div>\n\n\n\n<div style=\"width:100%;padding:1%;background-color:rgba(255, 255, 255, 0);border:0px solid rgba(255, 255, 255, 0);margin-top:1%;margin-bottom:1%\" class=\"wp-block-tcb-separator\"><\/div>\n\n\n\n<div class=\"wp-block-tcb-shifted-image-text columns-50-50\" style=\"background-color:#70cbf4;margin:0 0 0 -5%\"><a class=\"image-16-9  no-pointer\"><img src=\"https:\/\/careers.tuigroup.com\/wp-content\/uploads\/2022\/05\/CSH_GEN_REP_F0018-scaled.jpg\" alt=\"\"\/><\/a><div class=\"centered-text fixed-padding-mobile\" style=\"padding:5%\">\n<h2 class=\"wp-block-heading has-dark-blue-color has-text-color\" id=\"h-life-in-the-mountains\">Life In The Mountains<\/h2>\n\n\n\n<p class=\"has-dark-blue-color has-text-color\">This video will give you a taste of the mountain life. Loving sports, in particular winter sports, or already experienced in skiing or snowboarding will help you massively to bring this job to life.\u202f&nbsp;<\/p>\n<\/div><\/div>\n\n\n\n<div style=\"width:100%;padding:1%;background-color:rgba(255, 255, 255, 0);border:0px solid rgba(255, 255, 255, 0);margin-top:1%;margin-bottom:1%\" class=\"wp-block-tcb-separator\"><\/div>\n\n\n\n<div class=\"wp-block-tcb-shifted-image-text columns-50-50\" style=\"background-color:#70cbf4;margin:0 -5% 0 0\"><a class=\"image-16-9 force-second-col no-pointer\"><img src=\"https:\/\/careers.tuigroup.com\/wp-content\/uploads\/2022\/05\/51831573301_d47f532dd7_o-scaled.jpg\" alt=\"\"\/><\/a><div class=\"centered-text fixed-padding-mobile\" style=\"padding:5%\">\n<h2 class=\"wp-block-heading has-dark-blue-color has-text-color\" id=\"h-about-the-job\">About The Job<\/h2>\n\n\n\n<p class=\"has-dark-blue-color has-text-color\">Here you\u2019ll find the full job descriptions for our Rep positions to give you a better idea of what you will be doing; you can download the general Terms and Conditions so you know what you can expect from us.&nbsp; Finally, you\u2019ll be able to hear from our colleagues in resort to help bring it all to life.&nbsp;<\/p>\n<\/div><\/div>\n\n\n\n<div style=\"width:100%;padding:1%;background-color:rgba(255, 255, 255, 0);border:0px solid rgba(255, 255, 255, 0);margin-top:1%;margin-bottom:1%\" class=\"wp-block-tcb-separator\"><\/div>\n\n\n\n<div class=\"wp-block-tcb-shifted-image-text columns-50-50\" style=\"background-color:#70cbf4;margin:0 0 0 -5%\"><a class=\"image-16-9  no-pointer\"><img src=\"https:\/\/careers.tuigroup.com\/wp-content\/uploads\/2022\/05\/CSH_GEN_REP_F0011-scaled.jpg\" alt=\"\"\/><\/a><div class=\"centered-text fixed-padding-mobile\" style=\"padding:5%\">\n<h2 class=\"wp-block-heading has-dark-blue-color has-text-color\" id=\"h-assessment-activities\">Assessment Activities<\/h2>\n\n\n\n<p class=\"has-dark-blue-color has-text-color\"><strong>Situational Judgement Test (SJT)<\/strong>&nbsp;<br>You&#8217;ll be asked to provide a response to several scenario-based questions that may feature in your day-to-day role as a Crystal Ski Rep.\u202f\u202f&nbsp;<\/p>\n\n\n\n<p class=\"has-dark-blue-color has-text-color\"><strong>Personality Questionnaire<\/strong>\u202f\u202f&nbsp;<br>The personality questionnaire contains a series of questions to help understand your preferred style at work.\u202f&nbsp;<\/p>\n<\/div><\/div>\n\n\n\n<div style=\"width:100%;padding:1%;background-color:rgba(255, 255, 255, 0);border:0px solid rgba(255, 255, 255, 0);margin-top:1%;margin-bottom:1%\" class=\"wp-block-tcb-separator\"><\/div>\n\n\n\n<div class=\"wp-block-tcb-iframe-text iframe-with-text columns-50-50\"><div class=\"ifrwt-image force-second-col\" style=\"background-color:#fff;padding:5%\"><div class=\"video-wrapper video-wrapper169 js-video-wrapper\"><video class=\"video-block\" preload=\"auto\" controls><source src=\"https:\/\/careers.tuigroup.com\/wp-content\/uploads\/2024\/05\/Hints-and-Tips-SJT-Crystal-Ski.mp4\" type=\"video\/mp4\"\/><\/video><button class=\"video-poster js-video-poster\" style=\"background-image:url(https:\/\/careers.tuigroup.com\/wp-content\/uploads\/2024\/05\/IMG_6348-scaled.jpeg)\"><\/button><\/div><\/div><div class=\"centered-text\">\n<h2 class=\"wp-block-heading\" id=\"h-hints-amp-tips\"><mark style=\"background-color:rgba(0, 0, 0, 0)\" class=\"has-inline-color has-dark-blue-color\">Hints &amp; Tips<\/mark><\/h2>\n\n\n\n<p><mark style=\"background-color:rgba(0, 0, 0, 0)\" class=\"has-inline-color has-dark-blue-color\">Please watch the video from one of our friendly assessors, running through some top hints and tips to get you off to the best start for your Situational Judgement test. Practice questions and further instructions on how to complete each assessment are included before you start each section; please ensure you read these carefully.\u202f\u00a0<\/mark><\/p>\n\n\n\n<p><mark style=\"background-color:rgba(0, 0, 0, 0)\" class=\"has-inline-color has-dark-blue-color\">Once you&#8217;ve clicked &#8216;<strong>go<\/strong>&#8216;, you\u202f<strong>won&#8217;t<\/strong> be able to return to the previous page.\u202f\u00a0<\/mark><\/p>\n<\/div><\/div>\n\n\n\n<div style=\"width:100%;padding:1%;background-color:rgba(255, 255, 255, 0);border:0px solid rgba(255, 255, 255, 0);margin-top:1%;margin-bottom:1%\" class=\"wp-block-tcb-separator\"><\/div>\n\n\n\n<p class=\"has-text-align-center has-dark-blue-color has-text-color has-large-font-size\">Good Luck From All Of Us!<\/p>\n<\/div><\/div>\n\n\n\n<p><\/p>\n","protected":false},"excerpt":{"rendered":"<p>What To Expect This assessment is split into four components. Please complete each section as quickly and as accurately as you can.\u202f<\/p>\n","protected":false},"author":1,"featured_media":0,"parent":0,"menu_order":0,"comment_status":"closed","ping_status":"closed","template":"","meta":[],"_links":{"self":[{"href":"https:\/\/demo-1.carlashub.com\/index.php\/wp-json\/wp\/v2\/pages\/404686"}],"collection":[{"href":"https:\/\/demo-1.carlashub.com\/index.php\/wp-json\/wp\/v2\/pages"}],"about":[{"href":"https:\/\/demo-1.carlashub.com\/index.php\/wp-json\/wp\/v2\/types\/page"}],"author":[{"embeddable":true,"href":"https:\/\/demo-1.carlashub.com\/index.php\/wp-json\/wp\/v2\/users\/1"}],"replies":[{"embeddable":true,"href":"https:\/\/demo-1.carlashub.com\/index.php\/wp-json\/wp\/v2\/comments?post=404686"}],"version-history":[{"count":0,"href":"https:\/\/demo-1.carlashub.com\/index.php\/wp-json\/wp\/v2\/pages\/404686\/revisions"}],"wp:attachment":[{"href":"https:\/\/demo-1.carlashub.com\/index.php\/wp-json\/wp\/v2\/media?parent=404686"}],"curies":[{"name":"wp","href":"https:\/\/api.w.org\/{rel}","templated":true}]}}