{"id":393608,"date":"2023-08-18T09:34:40","date_gmt":"2023-08-18T09:34:40","guid":{"rendered":"https:\/\/careers.tuigroup.com\/?page_id=393608"},"modified":"2023-08-18T09:34:40","modified_gmt":"2023-08-18T09:34:40","slug":"sova-ueber-den-job-childcare","status":"publish","type":"page","link":"https:\/\/demo-1.carlashub.com\/index.php\/sova-ueber-den-job-childcare\/","title":{"rendered":"SOVA &#8211; \u00dcber den Job &#8211; Childcare"},"content":{"rendered":"\n<div class=\"wp-block-tcb-hero-image hero-image-container full-width\"><svg><clipPath id=\"desktop-2560-hero-svg\" clipPathUnits=\"objectBoundingBox\"><path d=\"M0.031,0 L0.969,0 C0.986,0,1,0.024,1,0.053 L1,0.887 L1,0.887 C0.92,0.955,0.659,1,0.5,1 C0.341,1,0.08,0.955,0,0.887 L0,0.053 C0,0.024,0.014,0,0.031,0\"><\/path><\/clipPath><clipPath id=\"desktop-1920-hero-svg\" clipPathUnits=\"objectBoundingBox\"><path d=\"M80,0l1760,0c44.183,0,80,35.817,80,80l0,921.026l0,0c-153.475,76.391,-655.659,126.974,-960,126.974c-304.341,0,-806.525,-50.583,-960,-126.975l0,-921.025c0,-44.183,35.817,-80,80,-80z\"><\/path><\/clipPath><clipPath id=\"desktop-big-hero-svg\" clipPathUnits=\"objectBoundingBox\"><path d=\"M0.056,0 h0.889 c0.031,0,0.056,0.042,0.056,0.095 v0.793 C0.92,0.955,0.659,1,0.5,1 c-0.159,0,-0.42,-0.045,-0.5,-0.113 V0.095 c0,-0.052,0.025,-0.095,0.056,-0.095\"><\/path><\/clipPath><clipPath id=\"desktop-hero-svg\" clipPathUnits=\"objectBoundingBox\"><path d=\"M0.074,0 h0.854 c0.04,0,0.072,0.042,0.072,0.093 V0.887 C0.894,0.955,0.71,1,0.5,1 c-0.21,0,-0.394,-0.045,-0.5,-0.113 V0.095 c0,-0.052,0.033,-0.095,0.074,-0.095\"><\/path><\/clipPath><clipPath id=\"mobile-hero-svg\" clipPathUnits=\"objectBoundingBox\"><path d=\"M0.085,0 H0.915 C0.962,0,1,0.024,1,0.055 V0.949 C0.888,0.983,0.721,1,0.5,1 S0.112,0.983,0,0.949 V0.055 C0,0.024,0.038,0,0.085,0\"><\/path><\/clipPath><\/svg><div class=\"image-1920-470 hero-img\" aria-label=\"\" style=\"background-image: url(https:\/\/careers.tuigroup.com\/wp-content\/uploads\/2023\/03\/tui-mallorca-aug22-main_images-114-scaled.jpg)\" data-image=\"https:\/\/careers.tuigroup.com\/wp-content\/uploads\/2023\/03\/tui-mallorca-aug22-main_images-114-scaled.jpg\"><\/div><div class=\"image-1920-470 hero-mobile-image\" aria-label=\"\" style=\"background-image: url(https:\/\/careers.tuigroup.com\/wp-content\/uploads\/2023\/03\/tui-mallorca-aug22-main_images-114-scaled.jpg)\" data-mobileimage=\"https:\/\/careers.tuigroup.com\/wp-content\/uploads\/2023\/03\/tui-mallorca-aug22-main_images-114-scaled.jpg\"><\/div><div class=\"hero-overlay-wrapper\"><a class=\"no-pointer\" target=\"_self\" rel=\"noopener noreferrer\"><div class=\"hero-overlay\"><h1 class=\"hero-image-headline hero-text\" style=\"color:#fff\"><\/h1><span class=\"hero-image-text hero-text\" style=\"color:#fff\">\u00dcber den Job<\/span><\/div><\/a><\/div><\/div>\n\n\n\n<div style=\"width:100%;padding:1%;background-color:#fff;border:0px solid #fff;margin-top:1%;margin-bottom:1%\" class=\"wp-block-tcb-separator\"><\/div>\n\n\n\n<div class=\"wp-block-tcb-shifted-image-text columns-50-50\" style=\"background-color:#fff;margin:0 -5% 0 0\"><a class=\"image-16-9 force-second-col no-pointer\"><img src=\"https:\/\/careers.tuigroup.com\/wp-content\/uploads\/2023\/08\/TUI-Lanzarote-Kids-Club-R6-Web-72-scaled.jpg\" alt=\"\"\/><\/a><div class=\"centered-text fixed-padding-mobile\" style=\"padding:5%\">\n<h2 class=\"wp-block-heading has-dark-blue-color has-text-color\" id=\"h-uber-den-job\">\u00dcber den Job<\/h2>\n\n\n\n<p>In den Videos hast du bereits von unseren Zielgebiets-Teams erfahren, was du tagt\u00e4glich tun wirst.<\/p>\n\n\n\n<p>In diesem Abschnitt findest du weitere Informationen \u00fcber den Job, damit du noch besser verstehst, was dich erwartet, wenn du bei TUI in einem unserer spannenden Jobs in der Kinderbetreuung arbeitest.<\/p>\n<\/div><\/div>\n\n\n\n<div style=\"width:100%;padding:1%;background-color:#fff;border:0px solid #fff;margin-top:1%;margin-bottom:1%\" class=\"wp-block-tcb-separator\"><\/div>\n\n\n\n<div class=\"wp-block-tcb-image-text columns-50-50\" style=\"background-color:#fff;padding:5%\"><a class=\"image-16-9  no-pointer\"><img src=\"https:\/\/careers.tuigroup.com\/wp-content\/uploads\/2021\/11\/TB_Orquidea_LPA_AC1620263_Baby-Club_057-scaled.jpg\" alt=\"\"\/><\/a><div class=\"centered-text\">\n<h2 class=\"wp-block-heading has-dark-blue-color has-text-color\" id=\"h-tui-baby-club-host\">TUI BABY CLUB HOST<\/h2>\n\n\n\n<ul class=\"has-dark-blue-color has-text-color\">\n<li>Du wirst ein magisches und entwicklungsf\u00f6rderndes Programm f\u00fcr Kinder im Alter von 0-12 Jahren erstellen und durchf\u00fchren. Dazu geh\u00f6rt das Pflegen, Wickeln und F\u00fcttern von Babys und Kleinkindern im Alter von 0-3 Jahren.\u202f<\/li>\n\n\n\n<li>Au\u00dferdem nimmst du regelm\u00e4\u00dfig an Veranstaltungen wie Teamtagen, Umz\u00fcgen oder abendlichen Partyt\u00e4nzen in der Kinderdisco teil.<\/li>\n\n\n\n<li>Du stellst sicher, dass unsere hohen Kinderbetreuungsstandards und Gesundheits- und Sicherheitsrichtlinien eingehalten werden.<\/li>\n\n\n\n<li>Und schlie\u00dflich unterst\u00fctzt du deine TUI Kollegen, indem du die Fragen der Eltern\/Erziehungsberechtigten beantwortest und Probleme l\u00f6st.<\/li>\n\n\n\n<li>Lade die komplette Stellenbeschreibung <strong><a href=\"https:\/\/careers.tuigroup.com\/wp-content\/uploads\/2023\/11\/TUI-MM-JD-Baby-Club-Host-QB-S24-SOVA-DE.pdf\" target=\"_blank\" rel=\"noreferrer noopener nofollow\">hier<\/a><\/strong> herunter.<\/li>\n<\/ul>\n<\/div><\/div>\n\n\n\n<div style=\"width:100%;padding:1%;background-color:#fff;border:0px solid #fff;margin-top:1%;margin-bottom:1%\" class=\"wp-block-tcb-separator\"><\/div>\n\n\n\n<div class=\"wp-block-tcb-image-text columns-50-50\" style=\"background-color:#fff;padding:5%\"><a href=\"\" class=\"image-16-9 force-second-col no-pointer\"><img src=\"https:\/\/careers.tuigroup.com\/wp-content\/uploads\/2023\/08\/TUI-Lanzarote-Kids-Club-R-Web-11-scaled.jpg\" alt=\"\"\/><\/a><div class=\"centered-text\">\n<h2 class=\"wp-block-heading has-dark-blue-color has-text-color\" id=\"h-tui-kids-club-host\">TUI KIDS CLUB HOST <\/h2>\n\n\n\n<ul class=\"has-dark-blue-color has-text-color\">\n<li>Du gestaltest und leitest ein lustiges und spannendes, altersgerechtes Programm f\u00fcr Kinder im Alter von 3 bis 12 Jahren, das ihre Entwicklungsbed\u00fcrfnisse abdeckt und voller magischer Momente ist.<\/li>\n\n\n\n<li>Au\u00dferdem nimmst du regelm\u00e4\u00dfig an Veranstaltungen wie Teamtagen, Paraden oder abendlichen Partyt\u00e4nzen in der Kinderdisco teil.<\/li>\n\n\n\n<li>Du stellst sicher, dass unsere hohen Kinderbetreuungsstandards und Gesundheits- und Sicherheitsrichtlinien eingehalten werden.<\/li>\n\n\n\n<li>Und schlie\u00dflich unterst\u00fctzt du deine TUI Kollegen, indem du die Fragen der Eltern\/Erziehungsberechtigten beantwortest und Probleme l\u00f6st.<\/li>\n\n\n\n<li>Lade die komplette Stellenbeschreibung <strong><a href=\"https:\/\/careers.tuigroup.com\/wp-content\/uploads\/2023\/11\/TUI-MM-JD-Kids-Club-Host-S24-SOVA-DE.pdf\" target=\"_blank\" rel=\"noreferrer noopener nofollow\">hier<\/a><\/strong> herunter.<\/li>\n<\/ul>\n<\/div><\/div>\n\n\n\n<div class=\"wp-block-tcb-image-text columns-50-50\" style=\"background-color:#fff;padding:5%\"><a class=\"image-16-9  no-pointer\"><img src=\"https:\/\/careers.tuigroup.com\/wp-content\/uploads\/2023\/08\/TUI-Lanzarote-Kids-Club-R6-Web-81-scaled.jpg\" alt=\"\"\/><\/a><div class=\"centered-text\">\n<h2 class=\"wp-block-heading has-dark-blue-color has-text-color\" id=\"h-tui-kids-club-supervisor\">TUI KIDS CLUB SUPERVISOR<\/h2>\n\n\n\n<ul class=\"has-dark-blue-color has-text-color\">\n<li>Du gestaltest und betreust ein lustiges und aufregendes, altersgerechtes Programm f\u00fcr Kinder im Alter von 0-12 Jahren, das ihre Entwicklungsbed\u00fcrfnisse abdeckt und voller magischer Momente ist.<\/li>\n\n\n\n<li>Du leitest ein kleines nationales oder internationales Team in einer sicheren und unterhaltsamen Umgebung, indem du das Team coachst, anleitest und seine Leistungsergebnisse kontrollierst und den Erfolg anhand des w\u00f6chentlichen G\u00e4stefeedbacks entsprechend honorierst.<\/li>\n\n\n\n<li>Du sorgst auch daf\u00fcr, dass die Gesundheits- und Sicherheitsstandards immer auf dem h\u00f6chsten Niveau wie im Handbuch f\u00fcr die Kinderbetreuung beschrieben gew\u00e4hrleistet sind.\u202f<\/li>\n\n\n\n<li>Und schlie\u00dflich unterst\u00fctzt du deine TUI Kollegen, indem du die Fragen der Eltern\/Erziehungsberechtigten beantwortest und Probleme l\u00f6st.<\/li>\n\n\n\n<li>Lade die komplette Stellenbeschreibung <strong><a href=\"https:\/\/careers.tuigroup.com\/wp-content\/uploads\/2023\/11\/TUI-MM-S24-TUI-Kids-Club-Supervisor-SOVA.pdf\" target=\"_blank\" rel=\"noreferrer noopener nofollow\">hier<\/a><\/strong> herunter.<\/li>\n<\/ul>\n<\/div><\/div>\n\n\n\n<div style=\"width:100%;padding:1%;background-color:#fff;border:0px solid #fff;margin-top:1%;margin-bottom:1%\" class=\"wp-block-tcb-separator\"><\/div>\n\n\n\n<div class=\"wp-block-tcb-shifted-image-text columns-50-50\" style=\"background-color:#fff;margin:0 -5% 0 0\"><a class=\"image-16-9 force-second-col no-pointer\"><img src=\"https:\/\/careers.tuigroup.com\/wp-content\/uploads\/2023\/08\/TUI-Lanzarote-Kids-Club-R6-Web-68-scaled.jpg\" alt=\"\"\/><\/a><div class=\"centered-text fixed-padding-mobile\" style=\"padding:5%\">\n<h2 class=\"wp-block-heading has-dark-blue-color has-text-color\" id=\"h-arbeitsbedingungen-vertrage\">ARBEITSBEDINGUNGEN \/ VERTR\u00c4GE<\/h2>\n\n\n\n<p class=\"has-dark-blue-color has-text-color\"><strong><a href=\"https:\/\/careers.tuigroup.com\/wp-content\/uploads\/2023\/09\/Terms-and-Conditions_Childcare-EN-DE.pdf\" target=\"_blank\" rel=\"noreferrer noopener nofollow\">Hier<\/a><\/strong> findest du einige n\u00fctzliche Informationen \u00fcber die verschiedenen Vertragsarten, die wir anbieten, sowie die allgemeinen Arbeitsbestimmungen und -bedingungen.<\/p>\n\n\n\n<p>Wir empfehlen dir, diese Dokumente herunterzuladen, da sie w\u00e4hrend deines Einstellungsprozesses helfen werden, dich vorzubereiten.<\/p>\n<\/div><\/div>\n\n\n\n<div style=\"width:100%;padding:1%;background-color:#fff;border:0px solid #fff;margin-top:1%;margin-bottom:1%\" class=\"wp-block-tcb-separator\"><\/div>\n\n\n\n<div class=\"wp-block-tcb-image-text columns-50-50\" style=\"background-color:#fff;padding:5%\"><a class=\"image-16-9  no-pointer\"><img src=\"https:\/\/careers.tuigroup.com\/wp-content\/uploads\/2021\/11\/TB_CHQ_AC_127131039_Kids_Disco_1444-scaled.jpg\" alt=\"\"\/><\/a><div class=\"centered-text\">\n<h2 class=\"wp-block-heading has-dark-blue-color has-text-color\" id=\"h-tui-childcare-academy\">TUI CHILDCARE ACADEMY <\/h2>\n\n\n\n<p>Bist du ein Kollege in der Kinderbetreuung, der Erfahrung in der Arbeit mit Kindern hat, aber keine formale Qualifikation in der Kinderbetreuung?<br>Warum nimmst du dann nicht an unserer TUI Childcare Academy teil?<\/p>\n\n\n\n<p>Unsere Kinderbetreuer:innen sind ein wichtiger Teil des Urlaubserlebnisses unserer G\u00e4ste. Mit dem Wissen und den praktischen F\u00e4higkeiten, die du im Rahmen dieser Qualifizierung erwirbst, kannst du unseren G\u00e4sten und vor allem ihren Kindern ein unvergessliches Urlaubserlebnis bieten.<\/p>\n<\/div><\/div>\n\n\n\n<div style=\"width:100%;padding:1%;background-color:#fff;border:0px solid #fff;margin-top:1%;margin-bottom:1%\" class=\"wp-block-tcb-separator\"><\/div>\n\n\n\n<div class=\"wp-block-tcb-iframe-video iframe-video-poster\" style=\"background-color:#fff;padding:5%\"><div class=\"video-wrapper video-wrapper169 js-video-wrapper\"><iframe class=\"video-block\" src=\"\" frameborder=\"0\" allowtransparency=\"true\" allowfullscreen data-src=\"https:\/\/www.youtube.com\/embed\/TYd6P-ON90k?autoplay=false&amp;loop=false&amp;mute=false&amp;controls=true&amp;playlist=TYd6P-ON90k&amp;rel=0&amp;modestbranding=1\"><\/iframe><button class=\"video-poster js-video-poster\" style=\"background-image:url(https:\/\/careers.tuigroup.com\/wp-content\/uploads\/2023\/09\/IMG_0146-e1695990854902.jpg)\"><\/button><\/div><p class=\"video-caption\" style=\"color:#000\"><\/p><\/div>\n\n\n\n<div style=\"width:100%;padding:2%;background-color:#fff;border:0px solid #fff;margin-top:2%;margin-bottom:2%\" class=\"wp-block-tcb-separator\"><\/div>\n","protected":false},"excerpt":{"rendered":"","protected":false},"author":1,"featured_media":0,"parent":0,"menu_order":0,"comment_status":"closed","ping_status":"closed","template":"","meta":[],"_links":{"self":[{"href":"https:\/\/demo-1.carlashub.com\/index.php\/wp-json\/wp\/v2\/pages\/393608"}],"collection":[{"href":"https:\/\/demo-1.carlashub.com\/index.php\/wp-json\/wp\/v2\/pages"}],"about":[{"href":"https:\/\/demo-1.carlashub.com\/index.php\/wp-json\/wp\/v2\/types\/page"}],"author":[{"embeddable":true,"href":"https:\/\/demo-1.carlashub.com\/index.php\/wp-json\/wp\/v2\/users\/1"}],"replies":[{"embeddable":true,"href":"https:\/\/demo-1.carlashub.com\/index.php\/wp-json\/wp\/v2\/comments?post=393608"}],"version-history":[{"count":0,"href":"https:\/\/demo-1.carlashub.com\/index.php\/wp-json\/wp\/v2\/pages\/393608\/revisions"}],"wp:attachment":[{"href":"https:\/\/demo-1.carlashub.com\/index.php\/wp-json\/wp\/v2\/media?parent=393608"}],"curies":[{"name":"wp","href":"https:\/\/api.w.org\/{rel}","templated":true}]}}