{"id":393605,"date":"2023-08-18T09:34:47","date_gmt":"2023-08-18T09:34:47","guid":{"rendered":"https:\/\/careers.tuigroup.com\/?page_id=393605"},"modified":"2023-08-18T09:34:47","modified_gmt":"2023-08-18T09:34:47","slug":"sova-hilfe-support","status":"publish","type":"page","link":"https:\/\/demo-1.carlashub.com\/index.php\/sova-hilfe-support\/","title":{"rendered":"SOVA &#8211; Hilfe &#038; Support"},"content":{"rendered":"\n<div class=\"wp-block-tcb-hero-image hero-image-container full-width\"><svg><clipPath id=\"desktop-2560-hero-svg\" clipPathUnits=\"objectBoundingBox\"><path d=\"M0.031,0 L0.969,0 C0.986,0,1,0.024,1,0.053 L1,0.887 L1,0.887 C0.92,0.955,0.659,1,0.5,1 C0.341,1,0.08,0.955,0,0.887 L0,0.053 C0,0.024,0.014,0,0.031,0\"><\/path><\/clipPath><clipPath id=\"desktop-1920-hero-svg\" clipPathUnits=\"objectBoundingBox\"><path d=\"M80,0l1760,0c44.183,0,80,35.817,80,80l0,921.026l0,0c-153.475,76.391,-655.659,126.974,-960,126.974c-304.341,0,-806.525,-50.583,-960,-126.975l0,-921.025c0,-44.183,35.817,-80,80,-80z\"><\/path><\/clipPath><clipPath id=\"desktop-big-hero-svg\" clipPathUnits=\"objectBoundingBox\"><path d=\"M0.056,0 h0.889 c0.031,0,0.056,0.042,0.056,0.095 v0.793 C0.92,0.955,0.659,1,0.5,1 c-0.159,0,-0.42,-0.045,-0.5,-0.113 V0.095 c0,-0.052,0.025,-0.095,0.056,-0.095\"><\/path><\/clipPath><clipPath id=\"desktop-hero-svg\" clipPathUnits=\"objectBoundingBox\"><path d=\"M0.074,0 h0.854 c0.04,0,0.072,0.042,0.072,0.093 V0.887 C0.894,0.955,0.71,1,0.5,1 c-0.21,0,-0.394,-0.045,-0.5,-0.113 V0.095 c0,-0.052,0.033,-0.095,0.074,-0.095\"><\/path><\/clipPath><clipPath id=\"mobile-hero-svg\" clipPathUnits=\"objectBoundingBox\"><path d=\"M0.085,0 H0.915 C0.962,0,1,0.024,1,0.055 V0.949 C0.888,0.983,0.721,1,0.5,1 S0.112,0.983,0,0.949 V0.055 C0,0.024,0.038,0,0.085,0\"><\/path><\/clipPath><\/svg><div class=\"image-1920-470 hero-img\" aria-label=\"\" style=\"background-image: url(https:\/\/careers.tuigroup.com\/wp-content\/uploads\/2022\/09\/tui-mallorca-aug22-main_images-314-scaled.jpg)\" data-image=\"https:\/\/careers.tuigroup.com\/wp-content\/uploads\/2022\/09\/tui-mallorca-aug22-main_images-314-scaled.jpg\"><\/div><div class=\"image-1920-470 hero-mobile-image\" aria-label=\"\" style=\"background-image: url(https:\/\/careers.tuigroup.com\/wp-content\/uploads\/2022\/09\/tui-mallorca-aug22-main_images-314-scaled.jpg)\" data-mobileimage=\"https:\/\/careers.tuigroup.com\/wp-content\/uploads\/2022\/09\/tui-mallorca-aug22-main_images-314-scaled.jpg\"><\/div><div class=\"hero-overlay-wrapper\"><a class=\"no-pointer\" target=\"_self\" rel=\"noopener noreferrer\"><div class=\"hero-overlay\"><h1 class=\"hero-image-headline hero-text\" style=\"color:#fff\"><\/h1><span class=\"hero-image-text hero-text\" style=\"color:#fff\">Hilfe &amp; Support<\/span><\/div><\/a><\/div><\/div>\n\n\n\n<div style=\"width:100%;padding:1%;background-color:#fff;border:0px solid #fff;margin-top:1%;margin-bottom:1%\" class=\"wp-block-tcb-separator\"><\/div>\n\n\n\n<div class=\"wp-block-tcb-shifted-image-text columns-50-50\" style=\"background-color:#fff;margin:0 -5% 0 0\"><a class=\"image-16-9 force-second-col no-pointer\"><img src=\"https:\/\/careers.tuigroup.com\/wp-content\/uploads\/2023\/03\/@aguycalledsaul-1.jpg\" alt=\"3 Fitness Instrukteure posieren in TUI BLUE Uniform vor einem Pool\"\/><\/a><div class=\"centered-text fixed-padding-mobile\" style=\"padding:5%\">\n<h2 class=\"wp-block-heading has-dark-blue-color has-text-color\" id=\"h-nutzliche-hinweise-und-tipps\">N\u00dcTZLICHE HINWEISE UND TIPPS<\/h2>\n\n\n\n<p>In diesem Abschnitt findest du wichtige Informationen, die dir helfen sollen, eventuelle Probleme bei den virtuellen Assessments zu bew\u00e4ltigen.<\/p>\n\n\n\n<p>Wir m\u00f6chten sicherstellen, dass das von dir gew\u00e4hlte Ger\u00e4t mit unserer virtuellen Plattform kompatibel ist und dass du an dem von dir gew\u00e4hlten Termin an deinem Interview problemlos teilnehmen kannst und eine positive Erfahrung machst.<\/p>\n<\/div><\/div>\n\n\n\n<div style=\"width:100%;padding:2%;background-color:#fff;border:0px solid #fff;margin-top:2%;margin-bottom:2%\" class=\"wp-block-tcb-separator\"><\/div>\n\n\n\n<div class=\"wp-block-tcb-shifted-image-text columns-50-50\" style=\"background-color:#fff;margin:0 0 0 -5%\"><a class=\"image-16-9  no-pointer\"><img src=\"https:\/\/careers.tuigroup.com\/wp-content\/uploads\/2022\/09\/tui-mallorca-aug22-main_images-341-scaled.jpg\" alt=\"\"\/><\/a><div class=\"centered-text fixed-padding-mobile\" style=\"padding:5%\">\n<h2 class=\"wp-block-heading has-dark-blue-color has-text-color\" id=\"h-dein-gerat\">DEIN GER\u00c4T<\/h2>\n\n\n\n<p>Am besten verwendest du einen Computer\/Laptop oder ein Tablet um am Assessment teilzunehmen, du kannst aber auch gerne dein Mobiltelefon benutzen.<\/p>\n\n\n\n<p>L\u00f6sche immer den Cache und die Cookies deines Browsers, um sicherzustellen, dass keine anderen Programme dein Mikrofon oder deine Kamera blockieren. Wie du deinen Cache l\u00f6schst, ist von Ger\u00e4t zu Ger\u00e4t unterschiedlich; weitere Anweisungen findest du bei Google.<\/p>\n\n\n\n<p>Vergewissere dich, dass das Ger\u00e4t, das du verwendest, \u00fcber die folgenden Funktionen verf\u00fcgt:<\/p>\n\n\n\n<ul class=\"has-dark-blue-color has-text-color\">\n<li><strong>Mikrofon<\/strong> &#8211; eingebautes Mikrofon, ein USB-Mikrofon oder Inline-Mikrofon oder Kopfh\u00f6rer<\/li>\n\n\n\n<li><strong>Lautsprecher oder Kopfh\u00f6rer<\/strong> (es wird empfohlen, Headsets zu verwenden, um die Tonqualit\u00e4t zu verbessern)<\/li>\n\n\n\n<li><strong>Eingebaute Kamera\/Webcam<\/strong><\/li>\n<\/ul>\n\n\n\n<p class=\"has-dark-blue-color has-text-color\">Um sicherzustellen, dass dein Ger\u00e4t f\u00fcr das Assessment geeignet ist, empfehlen wir dir, dich in den &#8220;<a href=\"https:\/\/whereby.com\/candidatetest-room\"><strong>virtuellen Testraum<\/strong><\/a>&#8221; zu begeben, um zu pr\u00fcfen, ob deine Kamera, deine Lautsprecher und dein Mikrofon funktionieren. Am Tag des Assessments werden wir die gleiche Art von Raum benutzen.<\/p>\n<\/div><\/div>\n\n\n\n<div style=\"width:100%;padding:1%;background-color:#fff;border:0px solid #fff;margin-top:1%;margin-bottom:1%\" class=\"wp-block-tcb-separator\"><\/div>\n\n\n\n<div class=\"wp-block-tcb-shifted-image-text columns-50-50\" style=\"background-color:#fff;margin:0 -5% 0 0\"><a class=\"image-16-9 force-second-col no-pointer\"><img src=\"https:\/\/careers.tuigroup.com\/wp-content\/uploads\/2021\/11\/TB_Side_AYT_AC989547_BLUE_App_025-scaled.jpg\" alt=\"\"\/><\/a><div class=\"centered-text fixed-padding-mobile\" style=\"padding:5%\">\n<h2 class=\"wp-block-heading has-dark-blue-color has-text-color\" id=\"h-dein-browser\">DEIN BROWSER<\/h2>\n\n\n\n<p class=\"has-dark-blue-color has-text-color\">Die folgenden Browser sind kompatibel <strong>(Desktop und Laptop<\/strong>)<\/p>\n\n\n\n<ul class=\"has-dark-blue-color has-text-color\">\n<li>Die neuesten Versionen von Chrome und Firefox unter Windows 10 und macOS 10.14+<\/li>\n\n\n\n<li>Microsoft Edge f\u00fcr Windows 10<\/li>\n\n\n\n<li>Chrome-Browser f\u00fcr Android (Android 8+)<\/li>\n<\/ul>\n\n\n\n<p class=\"has-dark-blue-color has-text-color\">Mobile Ger\u00e4te<\/p>\n\n\n\n<ul class=\"has-dark-blue-color has-text-color\">\n<li>Wenn du dich \u00fcber ein mobiles Ger\u00e4t anmeldest, kannst du dich \u00fcber den Safari-Browser unter iOS Version 13.1 oder sp\u00e4ter anmelden. Chrome auf IOS wird auch unter iOS 14.5 oder sp\u00e4ter unterst\u00fctzt.<\/li>\n\n\n\n<li>Wenn du ein Android-Ger\u00e4t verwendest, empfehlen wir dir, die neueste Version von Google Chrome zu benutzen.<\/li>\n<\/ul>\n<\/div><\/div>\n\n\n\n<div style=\"width:100%;padding:1%;background-color:#fff;border:0px solid #fff;margin-top:1%;margin-bottom:1%\" class=\"wp-block-tcb-separator\"><\/div>\n\n\n\n<div class=\"wp-block-tcb-shifted-image-text columns-50-50\" style=\"background-color:#fff;margin:0 0 0 -5%\"><a class=\"image-16-9  no-pointer\"><img src=\"https:\/\/careers.tuigroup.com\/wp-content\/uploads\/2021\/11\/Online-Sales.png\" alt=\"\"\/><\/a><div class=\"centered-text fixed-padding-mobile\" style=\"padding:5%\">\n<h2 class=\"wp-block-heading has-dark-blue-color has-text-color\" id=\"h-systemanforderungen\">SYSTEMANFORDERUNGEN<\/h2>\n\n\n\n<ul class=\"has-dark-blue-color has-text-color\">\n<li><strong>Optimale Browser<\/strong>: Aktuelle oder vorherige Version von Microsoft Edge, Google Chrome, Mozilla oder Firefox<\/li>\n\n\n\n<li><strong>Optimale Betriebssysteme: <\/strong>Windows 10, macOS 10.12+, iPhone 7+, jedes mobile Ger\u00e4t mit Android-Ger\u00e4t 8+ mit Chrome<\/li>\n\n\n\n<li><strong>Nicht unterst\u00fctzte Browser und Betriebssysteme: <\/strong>Wir unterst\u00fctzen keine Browser und Betriebssysteme, f\u00fcr die der Hersteller die Unterst\u00fctzung eingestellt hat (z. B. Windows 7).<\/li>\n<\/ul>\n\n\n\n<p class=\"has-dark-blue-color has-text-color\">Wenn du dir nicht sicher bist, welchen Browser oder welches Betriebssystem du verwendest, klicke bitte <a href=\"https:\/\/www.whatismybrowser.com\/\"><strong>hier<\/strong><\/a>, um es herauszufinden.<\/p>\n<\/div><\/div>\n\n\n\n<div style=\"width:100%;padding:1%;background-color:#fff;border:0px solid #fff;margin-top:1%;margin-bottom:1%\" class=\"wp-block-tcb-separator\"><\/div>\n\n\n\n<div class=\"wp-block-tcb-shifted-image-text columns-50-50\" style=\"background-color:#fff;margin:0 -5% 0 0\"><a class=\"image-16-9 force-second-col no-pointer\"><img src=\"https:\/\/careers.tuigroup.com\/wp-content\/uploads\/2021\/05\/home1.jpg\" alt=\"\"\/><\/a><div class=\"centered-text fixed-padding-mobile\" style=\"padding:5%\">\n<h2 class=\"wp-block-heading has-dark-blue-color has-text-color\" id=\"h-internetverbindung\"><strong>I<\/strong>NTERNETVERBINDUNG<\/h2>\n\n\n\n<p class=\"has-dark-blue-color has-text-color\">Es ist wichtig, dass du mit einer guten\/zuverl\u00e4ssigen Internetverbindung am virtuelle Assessment teilnimmst, damit unsere Pr\u00fcfer\/innen und Kandidat\/innen dich w\u00e4hrend der gesamten Dauer der Veranstaltung sehen und h\u00f6ren k\u00f6nnen. Die Bandbreitenanforderungen sind wie folgt:<\/p>\n\n\n\n<ul>\n<li><strong>Mindest-Internetgeschwindigkeit:<\/strong> Eine Breitbandverbindung von 1 Mb pro Sekunde oder mehr f\u00fcr videobasierte Pr\u00fcfungen. Das entspricht 3G oder h\u00f6her auf deinem Handy.<\/li>\n<\/ul>\n\n\n\n<ul class=\"has-dark-blue-color has-text-color\">\n<li>Wenn du dir unsicher bist, \u00fcberpr\u00fcfe deine Internet-Bandbreite mit <strong><a href=\"https:\/\/www.speedtest.net\/\">Speedtest<\/a><\/strong>.<\/li>\n<\/ul>\n<\/div><\/div>\n\n\n\n<div style=\"width:100%;padding:1%;background-color:#fff;border:0px solid #fff;margin-top:1%;margin-bottom:1%\" class=\"wp-block-tcb-separator\"><\/div>\n\n\n\n<div class=\"wp-block-tcb-image-text columns-50-50\" style=\"background-color:#fff;padding:5%\"><a class=\"image-16-9  no-pointer\"><img src=\"https:\/\/careers.tuigroup.com\/wp-content\/uploads\/2021\/11\/Contact-Centre.png\" alt=\"\"\/><\/a><div class=\"centered-text\">\n<h2 class=\"wp-block-heading has-dark-blue-color has-text-color\" id=\"h-brauchst-du-weitere-hilfe\">BRAUCHST DU WEITERE HILFE?<\/h2>\n\n\n\n<p class=\"has-dark-blue-color has-text-color\">Weitere Informationen \u00fcber die verschiedenen Arten von Assessments und Hilfe bei technischen Problemen findest du auf der <a href=\"https:\/\/sovaassessment.com\/candidate-preparation-hub\"><strong>SOVA-Plattform.<\/strong><\/a><\/p>\n\n\n\n<p class=\"has-dark-blue-color has-text-color\">Kontaktiere unser Candidate Experience Team f\u00fcr alle nicht technischen Fragen per E-Mail: <strong>candidates.tuimm@tui.com<\/strong> oder telefonisch w\u00e4hrend der B\u00fcrozeiten (Montag bis Freitag von 8 bis 16 Uhr britischer Zeit):<\/p>\n\n\n\n<ul class=\"has-dark-blue-color has-text-color\">\n<li>Belgien                                   +32 22730619<\/li>\n\n\n\n<li>Holland                                  +31 204990756<\/li>\n\n\n\n<li>D\u00e4nemark                              +45 82568097<\/li>\n\n\n\n<li>Finnland                                 +35 8931579472<\/li>\n\n\n\n<li>Schweden                               +46 858565578<\/li>\n\n\n\n<li>Deutschland                           +49 3022382549<\/li>\n\n\n\n<li>Griechenland                          +30 2112343672<\/li>\n\n\n\n<li>Spanien                                   +34 911792081<\/li>\n\n\n\n<li>Grossbritannien                      +44 02034990637<\/li>\n\n\n\n<li>Portugal                                  +35 1215569349<\/li>\n<\/ul>\n<\/div><\/div>\n\n\n\n<div style=\"width:100%;padding:2%;background-color:#fff;border:0px solid #fff;margin-top:2%;margin-bottom:2%\" class=\"wp-block-tcb-separator\"><\/div>\n","protected":false},"excerpt":{"rendered":"","protected":false},"author":1,"featured_media":0,"parent":0,"menu_order":0,"comment_status":"closed","ping_status":"closed","template":"","meta":[],"_links":{"self":[{"href":"https:\/\/demo-1.carlashub.com\/index.php\/wp-json\/wp\/v2\/pages\/393605"}],"collection":[{"href":"https:\/\/demo-1.carlashub.com\/index.php\/wp-json\/wp\/v2\/pages"}],"about":[{"href":"https:\/\/demo-1.carlashub.com\/index.php\/wp-json\/wp\/v2\/types\/page"}],"author":[{"embeddable":true,"href":"https:\/\/demo-1.carlashub.com\/index.php\/wp-json\/wp\/v2\/users\/1"}],"replies":[{"embeddable":true,"href":"https:\/\/demo-1.carlashub.com\/index.php\/wp-json\/wp\/v2\/comments?post=393605"}],"version-history":[{"count":0,"href":"https:\/\/demo-1.carlashub.com\/index.php\/wp-json\/wp\/v2\/pages\/393605\/revisions"}],"wp:attachment":[{"href":"https:\/\/demo-1.carlashub.com\/index.php\/wp-json\/wp\/v2\/media?parent=393605"}],"curies":[{"name":"wp","href":"https:\/\/api.w.org\/{rel}","templated":true}]}}