{"id":393603,"date":"2023-08-18T09:34:44","date_gmt":"2023-08-18T09:34:44","guid":{"rendered":"https:\/\/careers.tuigroup.com\/?page_id=393603"},"modified":"2023-08-18T09:34:44","modified_gmt":"2023-08-18T09:34:44","slug":"sova-vor-deinem-interview-childcare","status":"publish","type":"page","link":"https:\/\/demo-1.carlashub.com\/index.php\/sova-vor-deinem-interview-childcare\/","title":{"rendered":"SOVA &#8211; Vor deinem Interview &#8211; Childcare"},"content":{"rendered":"\n<div class=\"wp-block-tcb-hero-image hero-image-container full-width\"><svg><clipPath id=\"desktop-2560-hero-svg\" clipPathUnits=\"objectBoundingBox\"><path d=\"M0.031,0 L0.969,0 C0.986,0,1,0.024,1,0.053 L1,0.887 L1,0.887 C0.92,0.955,0.659,1,0.5,1 C0.341,1,0.08,0.955,0,0.887 L0,0.053 C0,0.024,0.014,0,0.031,0\"><\/path><\/clipPath><clipPath id=\"desktop-1920-hero-svg\" clipPathUnits=\"objectBoundingBox\"><path d=\"M80,0l1760,0c44.183,0,80,35.817,80,80l0,921.026l0,0c-153.475,76.391,-655.659,126.974,-960,126.974c-304.341,0,-806.525,-50.583,-960,-126.975l0,-921.025c0,-44.183,35.817,-80,80,-80z\"><\/path><\/clipPath><clipPath id=\"desktop-big-hero-svg\" clipPathUnits=\"objectBoundingBox\"><path d=\"M0.056,0 h0.889 c0.031,0,0.056,0.042,0.056,0.095 v0.793 C0.92,0.955,0.659,1,0.5,1 c-0.159,0,-0.42,-0.045,-0.5,-0.113 V0.095 c0,-0.052,0.025,-0.095,0.056,-0.095\"><\/path><\/clipPath><clipPath id=\"desktop-hero-svg\" clipPathUnits=\"objectBoundingBox\"><path d=\"M0.074,0 h0.854 c0.04,0,0.072,0.042,0.072,0.093 V0.887 C0.894,0.955,0.71,1,0.5,1 c-0.21,0,-0.394,-0.045,-0.5,-0.113 V0.095 c0,-0.052,0.033,-0.095,0.074,-0.095\"><\/path><\/clipPath><clipPath id=\"mobile-hero-svg\" clipPathUnits=\"objectBoundingBox\"><path d=\"M0.085,0 H0.915 C0.962,0,1,0.024,1,0.055 V0.949 C0.888,0.983,0.721,1,0.5,1 S0.112,0.983,0,0.949 V0.055 C0,0.024,0.038,0,0.085,0\"><\/path><\/clipPath><\/svg><div class=\"image-1920-470 hero-img\" aria-label=\"\" style=\"background-image: url(https:\/\/careers.tuigroup.com\/wp-content\/uploads\/2021\/01\/Kids-Clubs-Childcare-scaled.jpg)\" data-image=\"https:\/\/careers.tuigroup.com\/wp-content\/uploads\/2021\/01\/Kids-Clubs-Childcare-scaled.jpg\"><\/div><div class=\"image-1920-470 hero-mobile-image\" aria-label=\"\" style=\"background-image: url(https:\/\/careers.tuigroup.com\/wp-content\/uploads\/2021\/01\/Kids-Clubs-Childcare-scaled.jpg)\" data-mobileimage=\"https:\/\/careers.tuigroup.com\/wp-content\/uploads\/2021\/01\/Kids-Clubs-Childcare-scaled.jpg\"><\/div><div class=\"hero-overlay-wrapper\"><a class=\"no-pointer\" target=\"_self\" rel=\"noopener noreferrer\"><div class=\"hero-overlay\"><h1 class=\"hero-image-headline hero-text\" style=\"color:#fff\"><\/h1><span class=\"hero-image-text hero-text\" style=\"color:#fff\">Vor deinem Interview<\/span><\/div><\/a><\/div><\/div>\n\n\n\n<div style=\"width:100%;padding:1%;background-color:#fff;border:0px solid #fff;margin-top:1%;margin-bottom:1%\" class=\"wp-block-tcb-separator\"><\/div>\n\n\n\n<div class=\"wp-block-tcb-shifted-image-text columns-50-50\" style=\"background-color:#fff;margin:0 -5% 0 0\"><a class=\"image-16-9 force-second-col no-pointer\"><img src=\"https:\/\/careers.tuigroup.com\/wp-content\/uploads\/2023\/03\/TB_FlamingoBeach_ACE_AC1085573_Kids-Activities_Cannonball-Drop_066-1-scaled.jpg\" alt=\"Kinderanimateurin beobachtet l\u00e4chelnd zwei Kinder beim Spielen\"\/><\/a><div class=\"centered-text fixed-padding-mobile\" style=\"padding:5%\">\n<h2 class=\"wp-block-heading has-dark-blue-color has-text-color\" id=\"h-dein-virtuelles-childcare-interview\">DEIN VIRTUELLES CHILDCARE INTERVIEW<\/h2>\n\n\n\n<p>Herzlichen Gl\u00fcckwunsch, du hast bisher gro\u00dfartige Arbeit geleistet und wir w\u00fcrden dich gerne f\u00fcr den letzten Teil der Einstellungsreise treffen &#8211; <strong>dein virtuelles Vorstellungsgespr\u00e4ch.<\/strong><\/p>\n\n\n\n<p>Bei diesem virtuellen Vorstellungsgespr\u00e4ch hast du die M\u00f6glichkeit, uns pers\u00f6nlich kennenzulernen und ein abschlie\u00dfendes pers\u00f6nliches Gespr\u00e4ch mit uns zu f\u00fchren.\u202f\u202fAu\u00dferdem besprechen wir mit dir die allgemeinen Arbeits- und Besch\u00e4ftigungsbedingungen f\u00fcr die Stelle.\u202f<\/p>\n\n\n\n<p>Solltest du zus\u00e4tzliche Unterst\u00fctzung oder Anpassungen ben\u00f6tigst, um dieses virtuelle Vorstellungsgespr\u00e4ch zu absolvieren, dann kontaktiere uns bitte unter <strong>candidates.tuimm@tui.com<\/strong><\/p>\n<\/div><\/div>\n\n\n\n<div style=\"width:100%;padding:1%;background-color:#fff;border:0px solid #fff;margin-top:1%;margin-bottom:1%\" class=\"wp-block-tcb-separator\"><\/div>\n\n\n\n<div class=\"wp-block-tcb-shifted-image-text columns-50-50\" style=\"background-color:#fff;margin:0 0 0 -5%\"><a class=\"image-16-9  no-pointer\"><img src=\"https:\/\/careers.tuigroup.com\/wp-content\/uploads\/2023\/08\/TUI-Lanzarote-Kids-Club-R6-Web-81-1-scaled.jpg\" alt=\"\"\/><\/a><div class=\"centered-text fixed-padding-mobile\" style=\"padding:5%\">\n<h2 class=\"wp-block-heading has-dark-blue-color has-text-color\" id=\"h-allgemeines\">ALLGEMEINES<\/h2>\n\n\n\n<p>Auf der virtuellen Plattform findest du verschiedene Kacheln wie &#8220;\u00dcber den Job&#8221; &amp; &#8220;Company Introduction&#8221;.\u202f\u202fWenn du auf diese Kacheln klickst, findest du wichtige Informationen \u00fcber uns als Unternehmen, die dir helfen, dich vorzubereiten.\u202f\u202fEs ist wichtig, dass du diese Inhalte liest, anschaust oder, wenn du m\u00f6chtest, herunterl\u00e4dst.<\/p>\n\n\n\n<p>Wir empfehlen dir auch, die Zeit deines Vorstellungsgespr\u00e4chs genau zu \u00fcberpr\u00fcfen. Unser System zeigt alle Zeiten als Londoner Zeit an, also \u00fcberpr\u00fcfe, wie sp\u00e4t das in deiner aktuellen Zeitzone ist.<\/p>\n<\/div><\/div>\n\n\n\n<div style=\"width:100%;padding:1%;background-color:#fff;border:0px solid #fff;margin-top:1%;margin-bottom:1%\" class=\"wp-block-tcb-separator\"><\/div>\n\n\n\n<div class=\"wp-block-tcb-shifted-image-text columns-50-50\" style=\"background-color:#fff;margin:0 -5% 0 0\"><a class=\"image-16-9 force-second-col no-pointer\"><img src=\"https:\/\/careers.tuigroup.com\/wp-content\/uploads\/2022\/11\/Blue-Childcare-scaled.jpg\" alt=\"\"\/><\/a><div class=\"centered-text fixed-padding-mobile\" style=\"padding:5%\">\n<h2 class=\"wp-block-heading has-dark-blue-color has-text-color\" id=\"h-vorbereitung\">VORBEREITUNG<\/h2>\n\n\n\n<p>Wir m\u00f6chten, dass du eine Aktivit\u00e4t f\u00fcr den Tag unseres Treffens vorbereitest. Denke an deine <strong>Lieblingsfigur<\/strong> z.B. aus einem Film, einer Serie oder einem M\u00e4rchen, etc. die du auf eine lustige und kreative Art und Weise darstellen kannst. Am Tag des Vorstellungsgespr\u00e4chs darfst du dich verkleiden und Requisiten benutzen, und deine Lieblingsfigur zum Leben erwecken.<\/p>\n\n\n\n<p>W\u00e4hrend du in der Rolle bist, denke \u00fcber die folgenden Dinge nach:<\/p>\n\n\n\n<ul class=\"has-dark-blue-color has-text-color\">\n<li>Wie w\u00fcrdest du die Kinder im Kids Club willkommen hei\u00dfen?<\/li>\n\n\n\n<li>Wie w\u00fcrdest du den Eltern das Gef\u00fchl geben, dass sie ihr Kind vertrauensvoll in deine Obhut geben k\u00f6nnen?<\/li>\n\n\n\n<li>Wie w\u00fcrdest du daf\u00fcr sorgen, dass jedes Kind Aufmerksamkeit bekommt, damit es sich besonders und wichtig f\u00fchlt?<\/li>\n\n\n\n<li>Welche Inhalte, Spiele oder Aktivit\u00e4ten sind f\u00fcr die Stunde geplant? Wie alt sind die Kinder?<\/li>\n<\/ul>\n<\/div><\/div>\n\n\n\n<div style=\"width:100%;padding:1%;background-color:#fff;border:0px solid #fff;margin-top:1%;margin-bottom:1%\" class=\"wp-block-tcb-separator\"><\/div>\n\n\n\n<div class=\"wp-block-tcb-image-text columns-50-50\" style=\"background-color:#fff;padding:5%\"><a class=\"image-16-9  no-pointer\"><img src=\"https:\/\/careers.tuigroup.com\/wp-content\/uploads\/2023\/03\/tui-mallorca-aug22-main_images-563-scaled.jpg\" alt=\"Lachende Entertainerin verkleidet als Piratin\"\/><\/a><div class=\"centered-text\">\n<h2 class=\"wp-block-heading has-dark-blue-color has-text-color\" id=\"h-am-tag-des-virtuellen-interviews\">AM TAG DES VIRTUELLEN INTERVIEWS<\/h2>\n\n\n\n<p class=\"has-dark-blue-color has-text-color\">Die &#8220;<strong>Welcome Lounge<\/strong>&#8221; wird 15 Minuten vor Beginn des Assessments ge\u00f6ffnet.\u202f\u202fStelle sicher, dass du rechtzeitig da bist, um \u00fcberpr\u00fcfen zu k\u00f6nnen, dass deine technischen Ger\u00e4te einwandfrei funktionieren.\u202fSei in deiner Rolle und mit allen Requisiten und Kost\u00fcmen, die du brauchst, auf die Pr\u00e4sentation vorbereitet.<\/p>\n\n\n\n<p class=\"has-dark-blue-color has-text-color\">Das Assessment Team wird dich begr\u00fc\u00dfen und dir weitere Erkl\u00e4rungen geben. Du kannst auch die anderen Kandidaten und Kandidatinnen kennenlernen, die mit dir teilnehmen. Am Ende wird es ein pers\u00f6nliches Gespr\u00e4ch mit einem der Assessoren geben.<\/p>\n<\/div><\/div>\n\n\n\n<div style=\"width:100%;padding:1%;background-color:#fff;border:0px solid #fff;margin-top:1%;margin-bottom:1%\" class=\"wp-block-tcb-separator\"><\/div>\n\n\n\n<div class=\"wp-block-tcb-image-text columns-50-50\" style=\"background-color:#fff;padding:5%\"><a class=\"image-16-9 force-second-col no-pointer\"><img src=\"https:\/\/careers.tuigroup.com\/wp-content\/uploads\/2023\/08\/TUI-Lanzarote-Kids-Club-R6-Web-72-scaled.jpg\" alt=\"\"\/><\/a><div class=\"centered-text\">\n<h2 class=\"wp-block-heading has-dark-blue-color has-text-color\">BEN\u00d6TIGST DU HILFE ODER UNTERST\u00dcTZUNG?<\/h2>\n\n\n\n<p class=\"has-dark-blue-color has-text-color\">In der Rubrik &#8220;<strong>Hilfe &amp; Support<\/strong>&#8221; findest du n\u00fctzliche Hinweise und Tipps zur technischen Selbsthilfe sowie die Kontaktdaten des technischen Supports.\u202f\u202fFalls du mit uns sprechen m\u00f6chtest, findest du dort auch unsere Kontaktdaten.<\/p>\n<\/div><\/div>\n\n\n\n<div style=\"width:100%;padding:1%;background-color:#fff;border:0px solid #fff;margin-top:1%;margin-bottom:1%\" class=\"wp-block-tcb-separator\"><\/div>\n\n\n\n<div class=\"wp-block-tcb-shifted-image-text columns-50-50\" style=\"background-color:#fff;margin:0 0 0 -5%\"><a class=\"image-16-9  no-pointer\"><img src=\"https:\/\/careers.tuigroup.com\/wp-content\/uploads\/2023\/03\/239874C8-9F83-4B76-8440-21AE10970B95-1.jpeg\" alt=\"\"\/><\/a><div class=\"centered-text fixed-padding-mobile\" style=\"padding:5%\">\n<h2 class=\"wp-block-heading has-dark-blue-color has-text-color\" id=\"h-hinweise-tipps\">HINWEISE &amp; TIPPS<\/h2>\n\n\n\n<ul class=\"has-dark-blue-color has-text-color\">\n<li>Stelle sicher, dass du dich in einer bequemen und ungest\u00f6rten Umgebung befindest<\/li>\n\n\n\n<li>Das beste Erlebnis hast du, wenn du mit einem Tablet, einem Laptop oder einem Desktop-Computer mit geeigneten Kopfh\u00f6rern teilnimmst.<\/li>\n\n\n\n<li>Wir m\u00f6chten vor allem, dass du Spa\u00df hast und uns zeigst, wer <strong>du<\/strong> bist.\u202f\u202fWir sind sehr gespannt darauf, dich kennenzulernen.<\/li>\n<\/ul>\n\n\n\n<p class=\"has-dark-blue-color has-text-color\">Wir sehen uns bald!<\/p>\n<\/div><\/div>\n\n\n\n<div style=\"width:100%;padding:2%;background-color:#fff;border:0px solid #fff;margin-top:2%;margin-bottom:2%\" class=\"wp-block-tcb-separator\"><\/div>\n\n\n\n<p><\/p>\n","protected":false},"excerpt":{"rendered":"","protected":false},"author":1,"featured_media":0,"parent":0,"menu_order":0,"comment_status":"closed","ping_status":"closed","template":"","meta":[],"_links":{"self":[{"href":"https:\/\/demo-1.carlashub.com\/index.php\/wp-json\/wp\/v2\/pages\/393603"}],"collection":[{"href":"https:\/\/demo-1.carlashub.com\/index.php\/wp-json\/wp\/v2\/pages"}],"about":[{"href":"https:\/\/demo-1.carlashub.com\/index.php\/wp-json\/wp\/v2\/types\/page"}],"author":[{"embeddable":true,"href":"https:\/\/demo-1.carlashub.com\/index.php\/wp-json\/wp\/v2\/users\/1"}],"replies":[{"embeddable":true,"href":"https:\/\/demo-1.carlashub.com\/index.php\/wp-json\/wp\/v2\/comments?post=393603"}],"version-history":[{"count":0,"href":"https:\/\/demo-1.carlashub.com\/index.php\/wp-json\/wp\/v2\/pages\/393603\/revisions"}],"wp:attachment":[{"href":"https:\/\/demo-1.carlashub.com\/index.php\/wp-json\/wp\/v2\/media?parent=393603"}],"curies":[{"name":"wp","href":"https:\/\/api.w.org\/{rel}","templated":true}]}}