{"id":393598,"date":"2023-08-18T09:35:18","date_gmt":"2023-08-18T09:35:18","guid":{"rendered":"https:\/\/careers.tuigroup.com\/?page_id=393598"},"modified":"2023-08-18T09:35:18","modified_gmt":"2023-08-18T09:35:18","slug":"sova-dein-online-assessment-childcare","status":"publish","type":"page","link":"https:\/\/demo-1.carlashub.com\/index.php\/sova-dein-online-assessment-childcare\/","title":{"rendered":"SOVA &#8211; Dein Online Assessment &#8211; Childcare"},"content":{"rendered":"\n<div class=\"wp-block-tcb-hero-image hero-image-container full-width\"><svg><clipPath id=\"desktop-2560-hero-svg\" clipPathUnits=\"objectBoundingBox\"><path d=\"M0.031,0 L0.969,0 C0.986,0,1,0.024,1,0.053 L1,0.887 L1,0.887 C0.92,0.955,0.659,1,0.5,1 C0.341,1,0.08,0.955,0,0.887 L0,0.053 C0,0.024,0.014,0,0.031,0\"><\/path><\/clipPath><clipPath id=\"desktop-1920-hero-svg\" clipPathUnits=\"objectBoundingBox\"><path d=\"M80,0l1760,0c44.183,0,80,35.817,80,80l0,921.026l0,0c-153.475,76.391,-655.659,126.974,-960,126.974c-304.341,0,-806.525,-50.583,-960,-126.975l0,-921.025c0,-44.183,35.817,-80,80,-80z\"><\/path><\/clipPath><clipPath id=\"desktop-big-hero-svg\" clipPathUnits=\"objectBoundingBox\"><path d=\"M0.056,0 h0.889 c0.031,0,0.056,0.042,0.056,0.095 v0.793 C0.92,0.955,0.659,1,0.5,1 c-0.159,0,-0.42,-0.045,-0.5,-0.113 V0.095 c0,-0.052,0.025,-0.095,0.056,-0.095\"><\/path><\/clipPath><clipPath id=\"desktop-hero-svg\" clipPathUnits=\"objectBoundingBox\"><path d=\"M0.074,0 h0.854 c0.04,0,0.072,0.042,0.072,0.093 V0.887 C0.894,0.955,0.71,1,0.5,1 c-0.21,0,-0.394,-0.045,-0.5,-0.113 V0.095 c0,-0.052,0.033,-0.095,0.074,-0.095\"><\/path><\/clipPath><clipPath id=\"mobile-hero-svg\" clipPathUnits=\"objectBoundingBox\"><path d=\"M0.085,0 H0.915 C0.962,0,1,0.024,1,0.055 V0.949 C0.888,0.983,0.721,1,0.5,1 S0.112,0.983,0,0.949 V0.055 C0,0.024,0.038,0,0.085,0\"><\/path><\/clipPath><\/svg><div class=\"image-1920-470 hero-img\" aria-label=\"\" style=\"background-image: url(https:\/\/careers.tuigroup.com\/wp-content\/uploads\/2023\/03\/TB_TaridaBeach_IBZ_AC111781118_MinisClub_002-scaled-e1679309799846.jpg)\" data-image=\"https:\/\/careers.tuigroup.com\/wp-content\/uploads\/2023\/03\/TB_TaridaBeach_IBZ_AC111781118_MinisClub_002-scaled-e1679309799846.jpg\"><\/div><div class=\"image-1920-470 hero-mobile-image\" aria-label=\"\" style=\"background-image: url(https:\/\/careers.tuigroup.com\/wp-content\/uploads\/2023\/03\/TB_TaridaBeach_IBZ_AC111781118_MinisClub_002-scaled-e1679309799846.jpg)\" data-mobileimage=\"https:\/\/careers.tuigroup.com\/wp-content\/uploads\/2023\/03\/TB_TaridaBeach_IBZ_AC111781118_MinisClub_002-scaled-e1679309799846.jpg\"><\/div><div class=\"hero-overlay-wrapper\"><a class=\"no-pointer\" target=\"_self\" rel=\"noopener noreferrer\"><div class=\"hero-overlay\"><h1 class=\"hero-image-headline hero-text\" style=\"color:#fff\"><\/h1><span class=\"hero-image-text hero-text\" style=\"color:#fff\">Was passiert als n\u00e4chstes?<\/span><\/div><\/a><\/div><\/div>\n\n\n\n<div style=\"width:100%;padding:1%;background-color:#fff;border:0px solid #fff;margin-top:1%;margin-bottom:1%\" class=\"wp-block-tcb-separator\"><\/div>\n\n\n\n<div class=\"wp-block-tcb-shifted-image-text columns-50-50\" style=\"background-color:#fff;margin:0 -5% 0 0\"><a class=\"image-16-9 force-second-col no-pointer\"><img src=\"https:\/\/careers.tuigroup.com\/wp-content\/uploads\/2023\/03\/TB_FlamingoBeach_ACE_AC1085573_Kids-Activities_Cannonball-Drop_066-1-scaled.jpg\" alt=\"Kinderanimateurin beobachtet l\u00e4chelnd zwei Kinder beim Spielen\"\/><\/a><div class=\"centered-text fixed-padding-mobile\" style=\"padding:5%\">\n<h2 class=\"wp-block-heading has-dark-blue-color has-text-color\" id=\"h-willkommen-zu-deinem-childcare-assessment\">WILLKOMMEN ZU DEINEM CHILDCARE-ASSESSMENT<\/h2>\n\n\n\n<p>Hallo und herzlich willkommen zu deinem Online-Assessment in der Kinderbetreuung. Dieses Assessment wurde entwickelt, um einige der wichtigsten F\u00e4higkeiten und Eigenschaften zu messen, die f\u00fcr die Arbeit in der Kinderbetreuung bei TUI wichtig sind. Dies hilft uns dabei, herauszufinden, f\u00fcr welche Stelle du am besten geeignet bist und wie deine Pers\u00f6nlichkeit zur Position passt.\u202f\u202f<\/p>\n\n\n\n<p>Bitte nimm dir etwa <strong>30-40 Minuten <\/strong>Zeit, um alles auszuf\u00fcllen. Wir haben einige \u00dcbungsfragen und weitere Anleitungen beigef\u00fcgt, welche dir dabei helfen sollen. Der Test kann auf einem Handy, Tablet oder Desktop durchgef\u00fchrt werden, in einer m\u00f6glichst entspannten Umgebung deiner Wahl.\u202f\u202f<\/p>\n\n\n\n<p>Solltest du zus\u00e4tzliche Unterst\u00fctzung oder Anpassungen ben\u00f6tigst, um diesen Online-Test auszuf\u00fcllen, dann kontaktiere uns bitte unter <strong><a href=\"mailto:candidates.tuimm@tui.com\">candidates.tuimm@tui.com<\/a><\/strong><\/p>\n<\/div><\/div>\n\n\n\n<div style=\"width:100%;padding:1%;background-color:#fff;border:0px solid #fff;margin-top:1%;margin-bottom:1%\" class=\"wp-block-tcb-separator\"><\/div>\n\n\n\n<div class=\"wp-block-tcb-shifted-image-text columns-50-50\" style=\"background-color:#fff;margin:0 0 0 -5%\"><a class=\"image-16-9  no-pointer\"><img src=\"https:\/\/careers.tuigroup.com\/wp-content\/uploads\/2023\/03\/tui-mallorca-aug22-main_images-114-1-scaled.jpg\" alt=\"Kinderanimateur verkleidet als Pirat leitet eine Gruppe von Kindern\"\/><\/a><div class=\"centered-text fixed-padding-mobile\" style=\"padding:5%\">\n<h2 class=\"wp-block-heading has-dark-blue-color has-text-color\" id=\"h-was-dich-erwartet\">WAS DICH ERWARTET<\/h2>\n\n\n\n<p class=\"has-dark-blue-color has-text-color\">Dieser Test ist in <strong>vier<\/strong> Abschnitte unterteilt. Bitte f\u00fclle jeden Teilabschnitt so schnell und genau aus, wie du kannst.<\/p>\n\n\n\n<p><\/p>\n<\/div><\/div>\n\n\n\n<div style=\"width:100%;padding:1%;background-color:#fff;border:0px solid #fff;margin-top:1%;margin-bottom:1%\" class=\"wp-block-tcb-separator\"><\/div>\n\n\n\n<div class=\"wp-block-tcb-image-text columns-50-50\" style=\"background-color:#fff;padding:5%\"><a class=\"image-16-9 force-second-col no-pointer\"><img src=\"https:\/\/careers.tuigroup.com\/wp-content\/uploads\/2022\/09\/tui-mallorca-aug22-main_images-132-scaled.jpg\" alt=\"\"\/><\/a><div class=\"centered-text\">\n<h2 class=\"wp-block-heading has-dark-blue-color has-text-color\" id=\"h-uber-dich\">\u00dcBER DICH<\/h2>\n\n\n\n<p class=\"has-dark-blue-color has-text-color\">Die Fragen in diesem Abschnitt dienen dazu, die Gleichstellung zu gew\u00e4hrleisten und sicherzustellen, dass die Bewertung f\u00fcr alle fair ist. Die Beantwortung dieser Fragen ist vollkommen freiwillig. Deine Daten werden vertraulich behandelt und sind nicht Bestandteil des Einstellungsprozesses oder f\u00fcr die am Auswahlverfahren beteiligten Personen sichtbar.<\/p>\n<\/div><\/div>\n\n\n\n<div style=\"width:100%;padding:1%;background-color:#fff;border:0px solid #fff;margin-top:1%;margin-bottom:1%\" class=\"wp-block-tcb-separator\"><\/div>\n\n\n\n<div class=\"wp-block-tcb-image-text columns-50-50\" style=\"background-color:#fff;padding:5%\"><a class=\"image-16-9  no-pointer\"><img src=\"https:\/\/careers.tuigroup.com\/wp-content\/uploads\/2022\/09\/tui-mallorca-aug22-main_images-563-scaled.jpg\" alt=\"\"\/><\/a><div class=\"centered-text\">\n<h2 class=\"wp-block-heading has-dark-blue-color has-text-color\" id=\"h-ein-typischer-tag-video\">&#8220;EIN TYPISCHER TAG&#8221; &#8211; VIDEO<\/h2>\n\n\n\n<p class=\"has-dark-blue-color has-text-color\">Dieses Video soll dir einen Eindruck davon vermitteln, wie es ist, im Ausland zu arbeiten und welche F\u00e4higkeiten du idealerweise mitbringen solltest.<\/p>\n<\/div><\/div>\n\n\n\n<div style=\"width:100%;padding:1%;background-color:#fff;border:0px solid #fff;margin-top:1%;margin-bottom:1%\" class=\"wp-block-tcb-separator\"><\/div>\n\n\n\n<div class=\"wp-block-tcb-image-text columns-50-50\" style=\"background-color:#fff;padding:5%\"><a class=\"image-16-9 force-second-col no-pointer\"><img src=\"https:\/\/careers.tuigroup.com\/wp-content\/uploads\/2019\/11\/kidsclub_hero_Image.jpg\" alt=\"\"\/><\/a><div class=\"centered-text\">\n<h2 class=\"wp-block-heading has-dark-blue-color has-text-color\" id=\"h-uber-den-job\">\u00dcBER DEN JOB<\/h2>\n\n\n\n<p class=\"has-dark-blue-color has-text-color\">Damit du eine bessere Vorstellung davon bekommst, was du tun wirst, findest du hier die ausf\u00fchrliche Stellenbeschreibung und du kannst die allgemeinen Vertragsbedingungen herunterladen, damit du wei\u00dft, was wir dir bieten k\u00f6nnen.\u202f <\/p>\n<\/div><\/div>\n\n\n\n<div style=\"width:100%;padding:1%;background-color:#fff;border:0px solid #fff;margin-top:1%;margin-bottom:1%\" class=\"wp-block-tcb-separator\"><\/div>\n\n\n\n<div class=\"wp-block-tcb-image-text columns-50-50\" style=\"background-color:#fff;padding:5%\"><a class=\"image-16-9  no-pointer\"><img src=\"https:\/\/careers.tuigroup.com\/wp-content\/uploads\/2021\/11\/ACC_013278_RHO_26_CHILDRENS_ENTERTAINMENT-scaled.jpg\" alt=\"\"\/><\/a><div class=\"centered-text\">\n<h2 class=\"wp-block-heading has-dark-blue-color has-text-color\" id=\"h-assessment-aktivitaten\">ASSESSMENT-AKTIVIT\u00c4TEN<\/h2>\n\n\n\n<p><strong>Situational Judgement Test (SJT)\u202f<\/strong><br>Du wirst gebeten, auf mehrere szenariobasierte Fragen zu antworten, die in deiner t\u00e4glichen Arbeit als Baby Club oder Kids Club Host vorkommen k\u00f6nnen.\u202f<\/p>\n\n\n\n<p class=\"has-dark-blue-color has-text-color\"><strong>Pers\u00f6nlichkeitsfragebogen\u202f\u202f\u202f<\/strong><br>Der Pers\u00f6nlichkeitsfragebogen enth\u00e4lt eine Reihe von Fragen, die uns helfen, deinen bevorzugten Arbeitsstil zu verstehen.<\/p>\n<\/div><\/div>\n\n\n\n<div style=\"width:100%;padding:1%;background-color:#fff;border:0px solid #fff;margin-top:1%;margin-bottom:1%\" class=\"wp-block-tcb-separator\"><\/div>\n\n\n\n<div class=\"wp-block-tcb-image-text columns-50-50\" style=\"background-color:#fff;padding:5%\"><a class=\"image-16-9 force-second-col no-pointer\"><img src=\"https:\/\/careers.tuigroup.com\/wp-content\/uploads\/2021\/11\/TB_Orquidea_LPA_AC1620263_Baby-Club_057-scaled.jpg\" alt=\"\"\/><\/a><div class=\"centered-text\">\n<h2 class=\"wp-block-heading has-dark-blue-color has-text-color\" id=\"h-hinweise-tipps\">HINWEISE &amp; TIPPS<\/h2>\n\n\n\n<ul class=\"has-dark-blue-color has-text-color\">\n<li>Stabiles Internet\u202f\u202f<\/li>\n\n\n\n<li>Bevor du mit den einzelnen Abschnitten beginnst, findest du \u00dcbungsfragen und weitere Anweisungen zum Ausf\u00fcllen der einzelnen Tests.\u202f\u202fBitte lies dir diese Hinweise sorgf\u00e4ltig durch.\u202f\u202f<\/li>\n\n\n\n<li>W\u00e4hle eine geeignete Umgebung aus in der den Test ungest\u00f6rt durchf\u00fchren kannst.\u202f<\/li>\n\n\n\n<li>Sobald du auf &#8220;<strong>Los<\/strong>&#8221; geklickt hast, kannst du nicht mehr zur vorherigen Seite zur\u00fcckkehren.<\/li>\n<\/ul>\n\n\n\n<p>\u202f&nbsp;<\/p>\n\n\n\n<p class=\"has-dark-blue-color has-text-color\">Wir w\u00fcnschen dir viel Gl\u00fcck!<\/p>\n<\/div><\/div>\n\n\n\n<div style=\"width:100%;padding:1%;background-color:#fff;border:0px solid #fff;margin-top:1%;margin-bottom:1%\" class=\"wp-block-tcb-separator\"><\/div>\n\n\n\n<div style=\"width:100%;padding:2%;background-color:#fff;border:0px solid #fff;margin-top:2%;margin-bottom:2%\" class=\"wp-block-tcb-separator\"><\/div>\n\n\n\n<p><\/p>\n","protected":false},"excerpt":{"rendered":"","protected":false},"author":1,"featured_media":0,"parent":0,"menu_order":0,"comment_status":"closed","ping_status":"closed","template":"","meta":[],"_links":{"self":[{"href":"https:\/\/demo-1.carlashub.com\/index.php\/wp-json\/wp\/v2\/pages\/393598"}],"collection":[{"href":"https:\/\/demo-1.carlashub.com\/index.php\/wp-json\/wp\/v2\/pages"}],"about":[{"href":"https:\/\/demo-1.carlashub.com\/index.php\/wp-json\/wp\/v2\/types\/page"}],"author":[{"embeddable":true,"href":"https:\/\/demo-1.carlashub.com\/index.php\/wp-json\/wp\/v2\/users\/1"}],"replies":[{"embeddable":true,"href":"https:\/\/demo-1.carlashub.com\/index.php\/wp-json\/wp\/v2\/comments?post=393598"}],"version-history":[{"count":0,"href":"https:\/\/demo-1.carlashub.com\/index.php\/wp-json\/wp\/v2\/pages\/393598\/revisions"}],"wp:attachment":[{"href":"https:\/\/demo-1.carlashub.com\/index.php\/wp-json\/wp\/v2\/media?parent=393598"}],"curies":[{"name":"wp","href":"https:\/\/api.w.org\/{rel}","templated":true}]}}