{"id":393397,"date":"2023-08-11T12:55:06","date_gmt":"2023-08-11T12:55:06","guid":{"rendered":"https:\/\/careers.tuigroup.com\/?page_id=393397"},"modified":"2023-08-11T12:55:06","modified_gmt":"2023-08-11T12:55:06","slug":"sova-germany-airline-meet-our-cabin-crew","status":"publish","type":"page","link":"https:\/\/demo-1.carlashub.com\/index.php\/sova-germany-airline-meet-our-cabin-crew\/","title":{"rendered":"SOVA &#8211; Germany Airline Meet our Cabin Crew"},"content":{"rendered":"\n<div class=\"wp-block-tcb-hero-image hero-image-container full-width\"><svg><clipPath id=\"desktop-2560-hero-svg\" clipPathUnits=\"objectBoundingBox\"><path d=\"M0.031,0 L0.969,0 C0.986,0,1,0.024,1,0.053 L1,0.887 L1,0.887 C0.92,0.955,0.659,1,0.5,1 C0.341,1,0.08,0.955,0,0.887 L0,0.053 C0,0.024,0.014,0,0.031,0\"><\/path><\/clipPath><clipPath id=\"desktop-1920-hero-svg\" clipPathUnits=\"objectBoundingBox\"><path d=\"M80,0l1760,0c44.183,0,80,35.817,80,80l0,921.026l0,0c-153.475,76.391,-655.659,126.974,-960,126.974c-304.341,0,-806.525,-50.583,-960,-126.975l0,-921.025c0,-44.183,35.817,-80,80,-80z\"><\/path><\/clipPath><clipPath id=\"desktop-big-hero-svg\" clipPathUnits=\"objectBoundingBox\"><path d=\"M0.056,0 h0.889 c0.031,0,0.056,0.042,0.056,0.095 v0.793 C0.92,0.955,0.659,1,0.5,1 c-0.159,0,-0.42,-0.045,-0.5,-0.113 V0.095 c0,-0.052,0.025,-0.095,0.056,-0.095\"><\/path><\/clipPath><clipPath id=\"desktop-hero-svg\" clipPathUnits=\"objectBoundingBox\"><path d=\"M0.074,0 h0.854 c0.04,0,0.072,0.042,0.072,0.093 V0.887 C0.894,0.955,0.71,1,0.5,1 c-0.21,0,-0.394,-0.045,-0.5,-0.113 V0.095 c0,-0.052,0.033,-0.095,0.074,-0.095\"><\/path><\/clipPath><clipPath id=\"mobile-hero-svg\" clipPathUnits=\"objectBoundingBox\"><path d=\"M0.085,0 H0.915 C0.962,0,1,0.024,1,0.055 V0.949 C0.888,0.983,0.721,1,0.5,1 S0.112,0.983,0,0.949 V0.055 C0,0.024,0.038,0,0.085,0\"><\/path><\/clipPath><\/svg><div class=\"image-1920-470 hero-img\" aria-label=\"\" style=\"background-image: url(https:\/\/careers.tuigroup.com\/wp-content\/uploads\/2023\/10\/230515_TUIfly-Crew_klein479-e1698330379986.jpg)\" data-image=\"https:\/\/careers.tuigroup.com\/wp-content\/uploads\/2023\/10\/230515_TUIfly-Crew_klein479-e1698330379986.jpg\"><\/div><div class=\"image-1920-470 hero-mobile-image\" aria-label=\"\" style=\"background-image: url(https:\/\/careers.tuigroup.com\/wp-content\/uploads\/2023\/10\/230515_TUIfly-Crew_klein479-e1698330379986.jpg)\" data-mobileimage=\"https:\/\/careers.tuigroup.com\/wp-content\/uploads\/2023\/10\/230515_TUIfly-Crew_klein479-e1698330379986.jpg\"><\/div><div class=\"hero-overlay-wrapper\"><a class=\"no-pointer\" target=\"_self\" rel=\"noopener noreferrer\"><div class=\"hero-overlay\"><h1 class=\"hero-image-headline hero-text\" style=\"color:#fff\"><\/h1><span class=\"hero-image-text hero-text\" style=\"color:#fff\">Unsere Cabin Crew<\/span><\/div><\/a><\/div><\/div>\n\n\n\n<div style=\"width:100%;padding:2px;background-color:#fff;border:0px solid #fff;margin-top:2%;margin-bottom:2%\" class=\"wp-block-tcb-separator\"><\/div>\n\n\n\n<div class=\"wp-block-tcb-colored-container\" style=\"background:linear-gradient(180deg, #c2e6fa 100%, #c2e6fa 100%);padding:5%\"><div class=\"content-wrapper\">\n<h2 class=\"wp-block-heading\" id=\"h-unsere-cabin-crew\"><mark style=\"background-color:rgba(0, 0, 0, 0)\" class=\"has-inline-color has-dark-blue-color\">Unsere Cabin Crew<\/mark><\/h2>\n\n\n\n<p><mark style=\"background-color:rgba(0, 0, 0, 0)\" class=\"has-inline-color has-dark-blue-color\">Bitte lesen Sie einige Erfahrungsberichte unserer Cabin Crew, damit Sie ein Gef\u00fchl f\u00fcr die Rolle bekommen.<\/mark><\/p>\n\n\n\n<div id=\"testimonial-slider-1\" class=\"wp-block-tcb-testimonial-slider carousel slide testimonial-slider\" style=\"background-color:#c2e6fa;padding:5%\" data-bs-ride=\"carousel\" data-bs-interval=\"false\"><div class=\"carousel-inner\"><div class=\"carousel-item active \"><div class=\"testimonial-slide columns-50-50 p-left p-right\"><span class=\"testimonial-index\" style=\"display:none\">0<\/span><div class=\"image-16-9 \"><img src=\"https:\/\/careers.tuigroup.com\/wp-content\/uploads\/2023\/09\/Foto-Rosser.jpeg\" alt=\"\"\/><\/div><div class=\"centered-text\"><h2 class=\"ts-headline\"><strong>Miriam<\/strong>&#8211;<strong>Vanessa\u00a0R\u00f6sser,\u00a0<\/strong><br\/><strong>Flugbegleiterin\u00a0<\/strong><br\/><strong>aus\u00a0STR<\/strong><\/h2><p class=\"ts-text\">\u201cWarum ich mich entschlossen habe,\u00a0Flugbegleiterin zu werden? Schon als Kind wollte ich wissen, wie sich Wolken anf\u00fchlen. Mein j\u00fcngeres\u00a0Ich\u00a0w\u00e4re echt verbl\u00fcfft, wenn es w\u00fcsste,\u00a0dass\u00a0ich jetzt tats\u00e4chlich \u00fcber sie hinweg fliege\u2026 Was ich an meinem Beruf als Flugbegleiterin liebe, sind diese kleinen Momente,\u00a0in denen ich Passagiere an Bord zum Lachen bringe oder ihnen die Angst vorm Fliegen nehmen kann\u2026ihnen einfach eine unvergessliche Zeit bereiten darf. Diese\u00a0Momente\u00a0ber\u00fchren mein Herz und machen meinen Beruf wirklich besonders. Die Zusammenarbeit im Team, das Vertrauen und der Zusammenhalt, den wir als Flugbegleiter bei TUI fly erleben, sind f\u00fcr mich von unsch\u00e4tzbarem Wert. Wir sind wie eine kleine Familie in der Luft, die gemeinsam daf\u00fcr sorgt, dass unsere Passagiere sicher und happy ans Ziel gelangen. Ich bin stolz,\u00a0Teil des Teams der\u00a0\u201eMakers of Happy\u201c\u00a0sein zu d\u00fcrfen.\u201d<\/p><\/div><\/div><\/div><div class=\"carousel-item  \"><div class=\"testimonial-slide columns-50-50 p-left p-right\"><span class=\"testimonial-index\" style=\"display:none\">1<\/span><div class=\"image-16-9 \"><img src=\"https:\/\/careers.tuigroup.com\/wp-content\/uploads\/2023\/09\/221103_DUS_DSS_Cabine_-11-004-scaled.jpg\" alt=\"\"\/><\/div><div class=\"centered-text\"><h2 class=\"ts-headline\"><strong>Alina\u00a0Jurkjane,\u00a0<\/strong><br\/><strong>Flugbegleiterin\u00a0<\/strong><br\/><strong>aus STR<\/strong><\/h2><p class=\"ts-text\">&#8220;Auf der\u00a0Auf der Suche nach meinem Beruf wollte ich schon immer Reisen, Fremdsprachen lernen, Menschen und verschiedene Kulturen kennenlernen. Als Flugbegleiterin lie\u00dfen sich diese W\u00fcnsche wunderbar miteinander verbinden. Au\u00dferdem ist jeder Flug einzigartig hinsichtlich des Zusammenspiels mit den Kollegen und den Passagieren an Bord, so dass man das Gef\u00fchl hat, an Bord eines Flugzeugs ein kleines Leben gelebt zu haben. Man k\u00f6nnte es tats\u00e4chlich mit einem &#8220;kleinen Leben&#8221; vergleichen, und genau dies macht den Beruf einer Flugbegleiterin zu etwas Besonderem f\u00fcr mich.&#8221;<\/p><\/div><\/div><\/div><\/div><button class=\"carousel-control-prev\" type=\"button\" data-bs-target=\"#testimonial-slider-1\" data-bs-slide=\"prev\"><span class=\"carousel-control-prev-icon\"><\/span><\/button><button class=\"carousel-control-next\" type=\"button\" data-bs-target=\"#testimonial-slider-1\" data-bs-slide=\"next\"><span class=\"carousel-control-next-icon\"><\/span><\/button><\/div>\n\n\n\n<div class=\"wp-block-tcb-iframe-video iframe-video-poster\" style=\"background-color:#c2e6fa;padding:5%\"><div class=\"video-wrapper video-wrapper169 js-video-wrapper\"><iframe class=\"video-block\" src=\"\" frameborder=\"0\" allowtransparency=\"true\" allowfullscreen data-src=\"https:\/\/www.youtube.com\/embed\/8pL4deBdyXs?autoplay=false&amp;loop=false&amp;mute=false&amp;controls=true&amp;playlist=8pL4deBdyXs&amp;rel=0&amp;modestbranding=1\"><\/iframe><button class=\"video-poster js-video-poster\" style=\"background-image:url(https:\/\/careers.tuigroup.com\/wp-content\/uploads\/2023\/10\/Snapinsta.app_350629199_271947412025864_8933666901300612810_n_1080.jpg)\"><\/button><\/div><p class=\"video-caption\" style=\"color:#000\"><\/p><\/div>\n<\/div><\/div>\n\n\n\n<p><\/p>\n","protected":false},"excerpt":{"rendered":"","protected":false},"author":1,"featured_media":0,"parent":0,"menu_order":0,"comment_status":"closed","ping_status":"closed","template":"","meta":[],"_links":{"self":[{"href":"https:\/\/demo-1.carlashub.com\/index.php\/wp-json\/wp\/v2\/pages\/393397"}],"collection":[{"href":"https:\/\/demo-1.carlashub.com\/index.php\/wp-json\/wp\/v2\/pages"}],"about":[{"href":"https:\/\/demo-1.carlashub.com\/index.php\/wp-json\/wp\/v2\/types\/page"}],"author":[{"embeddable":true,"href":"https:\/\/demo-1.carlashub.com\/index.php\/wp-json\/wp\/v2\/users\/1"}],"replies":[{"embeddable":true,"href":"https:\/\/demo-1.carlashub.com\/index.php\/wp-json\/wp\/v2\/comments?post=393397"}],"version-history":[{"count":0,"href":"https:\/\/demo-1.carlashub.com\/index.php\/wp-json\/wp\/v2\/pages\/393397\/revisions"}],"wp:attachment":[{"href":"https:\/\/demo-1.carlashub.com\/index.php\/wp-json\/wp\/v2\/media?parent=393397"}],"curies":[{"name":"wp","href":"https:\/\/api.w.org\/{rel}","templated":true}]}}