{"id":393393,"date":"2023-08-11T12:41:16","date_gmt":"2023-08-11T12:41:16","guid":{"rendered":"https:\/\/careers.tuigroup.com\/?page_id=393393"},"modified":"2023-08-11T12:41:16","modified_gmt":"2023-08-11T12:41:16","slug":"sova-germany-airline-whats-next","status":"publish","type":"page","link":"https:\/\/demo-1.carlashub.com\/index.php\/sova-germany-airline-whats-next\/","title":{"rendered":"SOVA &#8211; Germany Cabin Crew &#8211; Congratulations What&#8217;s next?"},"content":{"rendered":"\n<div class=\"wp-block-tcb-hero-image hero-image-container full-width\"><svg><clipPath id=\"desktop-2560-hero-svg\" clipPathUnits=\"objectBoundingBox\"><path d=\"M0.031,0 L0.969,0 C0.986,0,1,0.024,1,0.053 L1,0.887 L1,0.887 C0.92,0.955,0.659,1,0.5,1 C0.341,1,0.08,0.955,0,0.887 L0,0.053 C0,0.024,0.014,0,0.031,0\"><\/path><\/clipPath><clipPath id=\"desktop-1920-hero-svg\" clipPathUnits=\"objectBoundingBox\"><path d=\"M80,0l1760,0c44.183,0,80,35.817,80,80l0,921.026l0,0c-153.475,76.391,-655.659,126.974,-960,126.974c-304.341,0,-806.525,-50.583,-960,-126.975l0,-921.025c0,-44.183,35.817,-80,80,-80z\"><\/path><\/clipPath><clipPath id=\"desktop-big-hero-svg\" clipPathUnits=\"objectBoundingBox\"><path d=\"M0.056,0 h0.889 c0.031,0,0.056,0.042,0.056,0.095 v0.793 C0.92,0.955,0.659,1,0.5,1 c-0.159,0,-0.42,-0.045,-0.5,-0.113 V0.095 c0,-0.052,0.025,-0.095,0.056,-0.095\"><\/path><\/clipPath><clipPath id=\"desktop-hero-svg\" clipPathUnits=\"objectBoundingBox\"><path d=\"M0.074,0 h0.854 c0.04,0,0.072,0.042,0.072,0.093 V0.887 C0.894,0.955,0.71,1,0.5,1 c-0.21,0,-0.394,-0.045,-0.5,-0.113 V0.095 c0,-0.052,0.033,-0.095,0.074,-0.095\"><\/path><\/clipPath><clipPath id=\"mobile-hero-svg\" clipPathUnits=\"objectBoundingBox\"><path d=\"M0.085,0 H0.915 C0.962,0,1,0.024,1,0.055 V0.949 C0.888,0.983,0.721,1,0.5,1 S0.112,0.983,0,0.949 V0.055 C0,0.024,0.038,0,0.085,0\"><\/path><\/clipPath><\/svg><div class=\"image-1920-470 hero-img\" aria-label=\"\" style=\"background-image: url(https:\/\/careers.tuigroup.com\/wp-content\/uploads\/2023\/08\/Cabin20Crew-scaled-e1693475134851.jpg)\" data-image=\"https:\/\/careers.tuigroup.com\/wp-content\/uploads\/2023\/08\/Cabin20Crew-scaled-e1693475134851.jpg\"><\/div><div class=\"image-1920-470 hero-mobile-image\" aria-label=\"\" style=\"background-image: url(https:\/\/careers.tuigroup.com\/wp-content\/uploads\/2023\/08\/Cabin20Crew-scaled-e1693475098184.jpg)\" data-mobileimage=\"https:\/\/careers.tuigroup.com\/wp-content\/uploads\/2023\/08\/Cabin20Crew-scaled-e1693475098184.jpg\"><\/div><div class=\"hero-overlay-wrapper\"><a class=\"no-pointer\" target=\"_self\" rel=\"noopener noreferrer\"><div class=\"hero-overlay\"><h1 class=\"hero-image-headline hero-text\" style=\"color:#fff\"><\/h1><span class=\"hero-image-text hero-text\" style=\"color:#fff\">HERZLICH WILLKOMMEN BEI TUI<\/span><\/div><\/a><\/div><\/div>\n\n\n\n<div style=\"width:100%;padding:1%;background-color:#fff;border:0px solid #fff;margin-top:1%;margin-bottom:1%\" class=\"wp-block-tcb-separator\"><\/div>\n\n\n\n<div class=\"wp-block-tcb-image-text columns-50-50\" style=\"background-color:#fff;padding:5%\"><a class=\"image-16-9 force-second-col no-pointer\"><img src=\"https:\/\/careers.tuigroup.com\/wp-content\/uploads\/2023\/08\/IMG_6595-scaled.jpg\" alt=\"\"\/><\/a><div class=\"centered-text\">\n<h2 class=\"wp-block-heading has-dark-blue-color has-text-color\" id=\"h-willkommen-auf-ihrem-cabin-crew-kandidatenportal\"><strong>WILLKOMMEN AUF IHREM CABIN CREW KANDIDATENPORTAL<\/strong><\/h2>\n\n\n\n<p class=\"has-dark-blue-color has-text-color\">W\u00e4hrend des gesamten Auswahlverfahrens gibt es eine Reihe von Aufgaben, die Sie durchlaufen werden. Nachfolgend erhalten Sie hierzu einige n\u00fctzliche Informationen.<\/p>\n\n\n\n<p class=\"has-dark-blue-color has-text-color\"><\/p>\n<\/div><\/div>\n\n\n\n<div style=\"width:100%;padding:1%;background-color:#fff;border:0px solid #fff;margin-top:1%;margin-bottom:1%\" class=\"wp-block-tcb-separator\"><\/div>\n\n\n\n<p class=\"has-text-align-center has-dark-blue-color has-text-color has-x-large-font-size\"><strong>WAS SIE ERWARTET<\/strong><\/p>\n\n\n\n<p class=\"has-text-align-center has-dark-blue-color has-text-color has-medium-font-size\"><mark style=\"background-color:rgba(0, 0, 0, 0)\" class=\"has-inline-color has-dark-blue-color\">Die erste Phase des Prozesses ist in\u00a0<strong>f\u00fcnf<\/strong>\u00a0Kacheln unterteilt. Einzelheiten zu den Inhalten der einzelnen Abschnitte finden Sie weiter unten.<\/mark><\/p>\n\n\n\n<div style=\"width:100%;padding:1%;background-color:#fff;border:0px solid #fff;margin-top:1%;margin-bottom:1%\" class=\"wp-block-tcb-separator\"><\/div>\n\n\n\n<div class=\"wp-block-tcb-shifted-image-text columns-50-50\" style=\"background-color:#70cbf4;margin:0 0 0 -5%\"><a class=\"image-16-9  no-pointer\"><img src=\"https:\/\/careers.tuigroup.com\/wp-content\/uploads\/2023\/11\/95D2F029-BA01-4FD2-9958-22C842556261-e1695222342672.jpeg\" alt=\"\"\/><\/a><div class=\"centered-text fixed-padding-mobile\" style=\"padding:5%\">\n<h2 class=\"wp-block-heading has-dark-blue-color has-text-color\" id=\"h-tipps-fur-den-zugriff-auf-inhalte-auf-ihrem-cabin-crew-kandidatenportal\">TIPPS F\u00dcR DEN ZUGRIFF AUF INHALTE AUF IHREM CABIN CREW-KANDIDATENPORTAL<\/h2>\n\n\n\n<p class=\"has-dark-blue-color has-text-color\">Die Kacheln werden Ihnen schrittweise zur Verf\u00fcgung gestellt. Daher ist es wichtig, dass Sie auf alle Kacheln klicken, um auf den dahinter liegenden Inhalt zuzugreifen. Dadurch werden Ihnen im Laufe des Prozesses weitere Kacheln und Informationen angezeigt.<\/p>\n\n\n\n<p class=\"has-text-align-left has-dark-blue-color has-text-color\">Wir m\u00f6chten, dass Sie sich bestm\u00f6glich auf dem Cabin Crew Kandidatenportal zurechtfinden. Sollten Sie \u00fcber ein Smartphone auf die Plattform zugreifen, bitten wir Sie den Vollbildmodus zu w\u00e4hlen.<\/p>\n<\/div><\/div>\n\n\n\n<div style=\"width:100%;padding:1%;background-color:#fff;border:0px solid #fff;margin-top:1%;margin-bottom:1%\" class=\"wp-block-tcb-separator\"><\/div>\n\n\n\n<div class=\"wp-block-tcb-shifted-image-text columns-50-50\" style=\"background-color:#fff;margin:0 -5% 0 0\"><a class=\"image-16-9 force-second-col no-pointer\"><img src=\"https:\/\/careers.tuigroup.com\/wp-content\/uploads\/2023\/11\/IMG_0153-scaled-1.jpeg\" alt=\"\"\/><\/a><div class=\"centered-text fixed-padding-mobile\" style=\"padding:5%\">\n<h2 class=\"wp-block-heading has-dark-blue-color has-text-color\" id=\"h-uber-den-job\"><strong><strong><mark style=\"background-color:rgba(0, 0, 0, 0)\" class=\"has-inline-color has-dark-blue-color\">\u00dcBER DEN JOB<\/mark><\/strong><\/strong><\/h2>\n\n\n\n<p class=\"has-dark-blue-color has-text-color\">Hier finden Sie die vollst\u00e4ndige Stellenbeschreibung f\u00fcr die Position des Flugbegleiters (m\/w\/d). Bitte lesen Sie diese sorgf\u00e4ltig, um mehr \u00fcber das T\u00e4tigkeitsfeld eines Flugbegleiters (m\/w\/d) zu erfahren.<\/p>\n\n\n\n<p class=\"has-dark-blue-color has-text-color\">W\u00e4hrend des Auswahlverfahrens werden wir Ihnen einige Anforderungen der t\u00e4glichen Arbeit an Bord unserer Flugzeuge vorstellen. Dar\u00fcber hinaus erhalten Sie Informationen zu den Inhalten und dem Ablauf des Trainingskurses. Zu einem sp\u00e4teren Zeitpunkt werden Ihnen KollegInnen von einigen Erfahrungen berichten.<\/p>\n<\/div><\/div>\n\n\n\n<div style=\"width:100%;padding:1%;background-color:#fff;border:0px solid #fff;margin-top:1%;margin-bottom:1%\" class=\"wp-block-tcb-separator\"><\/div>\n\n\n\n<div class=\"wp-block-tcb-shifted-image-text columns-50-50\" style=\"background-color:#092a5e;margin:0 0 0 -5%\"><a class=\"image-16-9  no-pointer\"><img src=\"https:\/\/careers.tuigroup.com\/wp-content\/uploads\/2023\/11\/Simone-Mrob-German-CC-4-scaled-e1698330618783.jpg\" alt=\"\"\/><\/a><div class=\"centered-text fixed-padding-mobile\" style=\"padding:5%\">\n<h2 class=\"wp-block-heading has-white-color has-text-color\" id=\"h-treffen-sie-unsere-cabin-crew\"><strong><strong>TREFFEN SIE UNSERE CABIN CREW<\/strong><\/strong><\/h2>\n\n\n\n<p class=\"has-white-color has-text-color\">Unsere KollegInnen&nbsp;werden Ihnen Einblicke in die t\u00e4gliche Arbeit als Flugbegleiter(m\/w\/d) bei TUI fly geben und Sie so live am Alltag teilhaben lassen.<\/p>\n<\/div><\/div>\n\n\n\n<div style=\"width:100%;padding:1%;background-color:#fff;border:0px solid #fff;margin-top:0%;margin-bottom:0%\" class=\"wp-block-tcb-separator\"><\/div>\n\n\n\n<div class=\"wp-block-tcb-shifted-image-text columns-50-50\" style=\"background-color:#70cbf4;margin:0 -5% 0 0\"><a class=\"image-16-9 force-second-col no-pointer\"><img src=\"https:\/\/careers.tuigroup.com\/wp-content\/uploads\/2023\/10\/230516_TUI_Crew_Z9-55-1-e1698330655154.jpg\" alt=\"\"\/><\/a><div class=\"centered-text fixed-padding-mobile\" style=\"padding:5%\">\n<h2 class=\"wp-block-heading has-dark-blue-color has-text-color\" id=\"h-uber-sie\"><strong><strong><mark style=\"background-color:rgba(0, 0, 0, 0)\" class=\"has-inline-color has-dark-blue-color\">\u00dcBER SIE<\/mark><\/strong><\/strong><\/h2>\n\n\n\n<p class=\"has-dark-blue-color has-text-color\">Wir bitten Sie,&nbsp;einige weitere Angaben zu Ihrer Person und Lebenslauf&nbsp;zu machen.<\/p>\n\n\n\n<p class=\"has-dark-blue-color has-text-color\">Fragen zu Ihrem Lebenslauf dienen dazu, eine einheitliche Bewertung aller KandidatenInnen zu gew\u00e4hrleisten. Diese Fragen sind fakultativ. Sollten Sie einige Fragen nicht beantworten wollen, w\u00e4hlen Sie bitte die Option &#8220;N\/A&#8221;.<\/p>\n<\/div><\/div>\n\n\n\n<div style=\"width:100%;padding:1%;background-color:#fff;border:0px solid #fff;margin-top:1%;margin-bottom:1%\" class=\"wp-block-tcb-separator\"><\/div>\n\n\n\n<div class=\"wp-block-tcb-shifted-image-text columns-50-50\" style=\"background-color:#fff;margin:0 0 0 -5%\"><a class=\"image-16-9  no-pointer\"><img src=\"https:\/\/careers.tuigroup.com\/wp-content\/uploads\/2023\/11\/@saidysf-1-scaled-e1693475175718.jpeg\" alt=\"\"\/><\/a><div class=\"centered-text fixed-padding-mobile\" style=\"padding:5%\">\n<h2 class=\"wp-block-heading has-dark-blue-color has-text-color\" id=\"h-online-bewertung-sprachtest\"><strong>ONLINE-BEWERTUNG \u2013 SPRACHTEST<\/strong><\/h2>\n\n\n\n<p class=\"has-dark-blue-color has-text-color\">In dieser Phase des&nbsp;Auswahlprozesses&nbsp;werden Sie gebeten&nbsp;an&nbsp;unserem&nbsp;Online-Sprachtest teilzunehmen. Dieser ist in zwei Abschnitte unterteilt: einen schriftlichen Teil und einen Teil zum Sprachverst\u00e4ndnis. In welcher Reihenfolge Sie die Abschnitte bearbeiten, ist Ihnen \u00fcberlassen.<\/p>\n\n\n\n<p class=\"has-dark-blue-color has-text-color\">Der schriftliche Englischtest besteht aus zwei Abschnitten: Multiple-Choice-Fragen und einem offenen Frage-Antwort Teil.&nbsp;Die offenen Fragen m\u00fcssen schriftlich beantwortet werden.<\/p>\n\n\n\n<p class=\"has-dark-blue-color has-text-color\">Der Test zum Sprachverst\u00e4ndnis besteht ebenfalls aus zwei Abschnitten. Hier gibt es einen schriftlichen und einen m\u00fcndlichen Teil.<\/p>\n\n\n\n<p class=\"has-dark-blue-color has-text-color\">H\u00f6ren Sie sich nachfolgend einige n\u00fctzliche Hinweise und Tipps an, bevor Sie mit dem Sprachtest beginnen.<\/p>\n<\/div><\/div>\n\n\n\n<div style=\"width:100%;padding:1%;background-color:#fff;border:0px solid #fff;margin-top:1%;margin-bottom:1%\" class=\"wp-block-tcb-separator\"><\/div>\n\n\n\n<div class=\"wp-block-tcb-iframe-video iframe-video-poster\" style=\"background-color:#fff;padding:5%\"><div class=\"video-wrapper video-wrapper169 js-video-wrapper\"><iframe class=\"video-block\" src=\"\" frameborder=\"0\" allowtransparency=\"true\" allowfullscreen data-src=\"https:\/\/www.youtube.com\/embed\/V5CjtR3Xa38?autoplay=false&amp;loop=false&amp;mute=false&amp;controls=true&amp;playlist=V5CjtR3Xa38&amp;rel=0&amp;modestbranding=1\"><\/iframe><button class=\"video-poster js-video-poster\" style=\"background-image:url(https:\/\/careers.tuigroup.com\/wp-content\/uploads\/2023\/08\/IMG_7670-scaled-e1693475402132.jpg)\"><\/button><\/div><p class=\"video-caption\" style=\"color:#000\"><\/p><\/div>\n\n\n\n<div style=\"width:100%;padding:1%;background-color:#fff;border:0px solid #fff;margin-top:1%;margin-bottom:1%\" class=\"wp-block-tcb-separator\"><\/div>\n\n\n\n<h2 class=\"wp-block-heading has-text-align-center has-dark-blue-color has-text-color\" id=\"h-wir-wunschen-ihnen-viel-erfolg\">Wir w\u00fcnschen Ihnen viel Erfolg!<\/h2>\n\n\n\n<p><\/p>\n","protected":false},"excerpt":{"rendered":"<p>WAS SIE ERWARTET Die erste Phase des Prozesses ist in\u00a0f\u00fcnf\u00a0Kacheln unterteilt. Einzelheiten zu den Inhalten der einzelnen Abschnitte finden Sie weiter unten. Wir w\u00fcnschen Ihnen viel Erfolg!<\/p>\n","protected":false},"author":1,"featured_media":0,"parent":0,"menu_order":0,"comment_status":"closed","ping_status":"closed","template":"","meta":[],"_links":{"self":[{"href":"https:\/\/demo-1.carlashub.com\/index.php\/wp-json\/wp\/v2\/pages\/393393"}],"collection":[{"href":"https:\/\/demo-1.carlashub.com\/index.php\/wp-json\/wp\/v2\/pages"}],"about":[{"href":"https:\/\/demo-1.carlashub.com\/index.php\/wp-json\/wp\/v2\/types\/page"}],"author":[{"embeddable":true,"href":"https:\/\/demo-1.carlashub.com\/index.php\/wp-json\/wp\/v2\/users\/1"}],"replies":[{"embeddable":true,"href":"https:\/\/demo-1.carlashub.com\/index.php\/wp-json\/wp\/v2\/comments?post=393393"}],"version-history":[{"count":0,"href":"https:\/\/demo-1.carlashub.com\/index.php\/wp-json\/wp\/v2\/pages\/393393\/revisions"}],"wp:attachment":[{"href":"https:\/\/demo-1.carlashub.com\/index.php\/wp-json\/wp\/v2\/media?parent=393393"}],"curies":[{"name":"wp","href":"https:\/\/api.w.org\/{rel}","templated":true}]}}