{"id":389896,"date":"2023-06-02T13:42:51","date_gmt":"2023-06-02T13:42:51","guid":{"rendered":"https:\/\/careers.tuigroup.com\/?page_id=389896"},"modified":"2023-06-02T13:42:51","modified_gmt":"2023-06-02T13:42:51","slug":"a-propos-de-la-fonction","status":"publish","type":"page","link":"https:\/\/demo-1.carlashub.com\/index.php\/a-propos-de-la-fonction\/","title":{"rendered":"\u00c0 propos de la fonction"},"content":{"rendered":"\n<div style=\"width:100%;padding:2px;background-color:#fff;border:0px solid #fff;margin-top:2%;margin-bottom:2%\" class=\"wp-block-tcb-separator\"><\/div>\n\n\n\n<div class=\"wp-block-tcb-hero-video hero-video-half-height alignfull\"><svg><clipPath id=\"desktop-2560-hero-svg\" clipPathUnits=\"objectBoundingBox\"><path d=\"M0.031,0 L0.969,0 C0.986,0,1,0.024,1,0.053 L1,0.887 L1,0.887 C0.92,0.955,0.659,1,0.5,1 C0.341,1,0.08,0.955,0,0.887 L0,0.053 C0,0.024,0.014,0,0.031,0\"><\/path><\/clipPath><clipPath id=\"desktop-1920-hero-svg\" clipPathUnits=\"objectBoundingBox\"><path d=\"M80,0l1760,0c44.183,0,80,35.817,80,80l0,921.026l0,0c-153.475,76.391,-655.659,126.974,-960,126.974c-304.341,0,-806.525,-50.583,-960,-126.975l0,-921.025c0,-44.183,35.817,-80,80,-80z\"><\/path><\/clipPath><clipPath id=\"desktop-big-hero-svg\" clipPathUnits=\"objectBoundingBox\"><path d=\"M0.056,0 h0.889 c0.031,0,0.056,0.042,0.056,0.095 v0.793 C0.92,0.955,0.659,1,0.5,1 c-0.159,0,-0.42,-0.045,-0.5,-0.113 V0.095 c0,-0.052,0.025,-0.095,0.056,-0.095\"><\/path><\/clipPath><clipPath id=\"desktop-hero-svg\" clipPathUnits=\"objectBoundingBox\"><path d=\"M0.074,0 h0.854 c0.04,0,0.072,0.042,0.072,0.093 V0.887 C0.894,0.955,0.71,1,0.5,1 c-0.21,0,-0.394,-0.045,-0.5,-0.113 V0.095 c0,-0.052,0.033,-0.095,0.074,-0.095\"><\/path><\/clipPath><clipPath id=\"mobile-hero-svg\" clipPathUnits=\"objectBoundingBox\"><path d=\"M0.085,0 H0.915 C0.962,0,1,0.024,1,0.055 V0.949 C0.888,0.983,0.721,1,0.5,1 S0.112,0.983,0,0.949 V0.055 C0,0.024,0.038,0,0.085,0\"><\/path><\/clipPath><\/svg><div class=\"media-wrapper\"><video class=\"hero-video\" autoplay playsinline muted loop><source src=\"https:\/\/careers.tuigroup.com\/uk\/wp-content\/uploads\/sites\/4\/2021\/10\/A-day-in-life-for-website.mp4\" type=\"video\/mp4\"\/><\/video><\/div><div class=\"hero-video-overlay\" style=\"background-color:#fff;opacity:0.5\"><\/div><div class=\"content-wrapper\"><div class=\"hero-overlay-wrapper\"><a class=\"no-pointer\" target=\"_self\" rel=\"noopener noreferrer\"><div class=\"hero-overlay\"><h1 class=\"hero-video-headline hero-text\" style=\"color:#fff\">About the Job<\/h1><span class=\"hero-video-text hero-text\" style=\"color:#fff\"><\/span><\/div><\/a><\/div><\/div><\/div>\n\n\n\n<div style=\"width:100%;padding:2px;background-color:#fff;border:0px solid #fff;margin-top:2%;margin-bottom:2%\" class=\"wp-block-tcb-separator\"><\/div>\n\n\n\n<div class=\"wp-block-tcb-colored-container\" style=\"background:linear-gradient(180deg, #c2e6fa 100%, #ffffff 100%);padding:5%\"><div class=\"content-wrapper\">\n<p class=\"has-dark-blue-color has-text-color\"><strong>INTRODUCTION DE LA FONCTION<\/strong><\/p>\n\n\n\n<p class=\"has-dark-blue-color has-text-color\">Avez-vous envie de d\u00e9ployer vos ailes? Venez travailler en tant que Cabin Crew chez TUI fly, la plus grande organisation de voyages au monde.<\/p>\n\n\n\n<p class=\"has-dark-blue-color has-text-color\">Chez TUI fly, nous voulons offrir \u00e0 nos clients les meilleures vacances afin qu&#8217;ils puissent cr\u00e9er des souvenirs fantastiques. Nous cherchons des Cabin Crew qui veilleront \u00e0 ce que nos clients puissent commencer et terminer leurs vacances en toute s\u00e9curit\u00e9 et de mani\u00e8re inoubliable.<\/p>\n\n\n\n<p class=\"has-dark-blue-color has-text-color\">La fonction de Cabin Crew vous offre une chance unique de faire partie de la famille TUI, un job dans lequel le ciel n\u2019est pas la limite!<\/p>\n\n\n\n<p class=\"has-dark-blue-color has-text-color\"><strong>\u00c0 PROPOS DE LA FONCTION<\/strong><\/p>\n\n\n\n<p class=\"has-dark-blue-color has-text-color\">Vous assurez un service irr\u00e9prochable aux clients avec une mentalit\u00e9 de &#8220;vente par le service&#8221;. La satisfaction du client guide tous vos actes.<\/p>\n\n\n\n<p class=\"has-dark-blue-color has-text-color\">Avec enthousiasme et motivation, vous apprendrez toutes les proc\u00e9dures de s\u00e9curit\u00e9, de premiers secours et de service que vous appliquerez avec rigueur. Vous \u00eates toujours \u00e0 la recherche d&#8217;opportunit\u00e9s pour \u00e9voluer et vous d\u00e9velopper.<\/p>\n\n\n\n<p class=\"has-dark-blue-color has-text-color\">En tant qu&#8217;orateur confiant, vous faites preuve d&#8217;intelligence \u00e9motionnelle en adaptant votre style pour nouer rapidement des relations avec les clients et les coll\u00e8gues.<\/p>\n\n\n\n<p class=\"has-dark-blue-color has-text-color\">Vous \u00eates engag\u00e9 et passionn\u00e9 et vous aimez travailler en \u00e9quipe pour produire de bons r\u00e9sultats.<\/p>\n\n\n\n<p class=\"has-dark-blue-color has-text-color\">Vous \u00eates flexible et vous pouvez travailler selon un horaire variable. Vous \u00eates ouvert aux changements dans les m\u00e9thodes de travail, vous les appliquez et vous encouragez les autres \u00e0 faire de m\u00eame.<\/p>\n\n\n\n<p class=\"has-dark-blue-color has-text-color\"><strong>\u00c0 PROPOS DE VOUS<\/strong><\/p>\n\n\n\n<p class=\"has-dark-blue-color has-text-color\">Vous avez la passion d&#8217;offrir un service client\u00e8le irr\u00e9prochable.<\/p>\n\n\n\n<p class=\"has-dark-blue-color has-text-color\">Vous poss\u00e9dez une excellente connaissance de la situation et de bonnes comp\u00e9tences en communication associ\u00e9es \u00e0 une ma\u00eetrise de l&#8217;anglais et du fran\u00e7ais\/n\u00e9erlandais.<\/p>\n\n\n\n<p class=\"has-dark-blue-color has-text-color\">Vous \u00eates r\u00e9silient pour exercer une fonction dans laquelle chaque jour est tout aussi diff\u00e9rent que les destinations que vous rejoignez et les clients que vous rencontrez.<\/p>\n\n\n\n<p class=\"has-dark-blue-color has-text-color\">Vous \u00eates capable de travailler et de rester calme sous pression.<\/p>\n\n\n\n<p class=\"has-dark-blue-color has-text-color\">Vous pouvez travailler de fa\u00e7on autonome et collaborer avec diff\u00e9rentes \u00e9quipes.<\/p>\n\n\n\n<p class=\"has-dark-blue-color has-text-color\">Vous \u00eates motiv\u00e9 pour continuer \u00e0 apprendre et vous cherchez des possibilit\u00e9s d&#8217;\u00e9volution.<\/p>\n\n\n\n<p class=\"has-dark-blue-color has-text-color\">Vous comprenez l&#8217;importance de suivre les proc\u00e9dures et vous incitez les autres \u00e0 faire de m\u00eame.<\/p>\n\n\n\n<p class=\"has-dark-blue-color has-text-color\"><strong>EXIGENCES DE LA FONCTION<\/strong><\/p>\n\n\n\n<p class=\"has-dark-blue-color has-text-color\">\u00c2ge: au moins 18&nbsp;ans<\/p>\n\n\n\n<p class=\"has-dark-blue-color has-text-color\">Taille: au moins 1m57 (contr\u00f4l\u00e9 lors de la visite m\u00e9dicale)<\/p>\n\n\n\n<p class=\"has-dark-blue-color has-text-color\">Anglais courant, aussi bien \u00e0 l&#8217;oral qu&#8217;\u00e0 l&#8217;\u00e9crit<\/p>\n\n\n\n<p class=\"has-dark-blue-color has-text-color\">Fran\u00e7ais et\/ou n\u00e9erlandais courant, aussi bien \u00e0 l&#8217;oral qu&#8217;\u00e0 l&#8217;\u00e9crit (une connaissance de base de la 3<sup>e<\/sup> langue est requise)<\/p>\n\n\n\n<p class=\"has-dark-blue-color has-text-color\">\u00catre capable de nager 50 m\u00e8tres sans probl\u00e8mes physiques<\/p>\n\n\n\n<p class=\"has-dark-blue-color has-text-color\">Poss\u00e9der ou pouvoir obtenir un passeport de l\u2019UE<\/p>\n\n\n\n<p class=\"has-dark-blue-color has-text-color\">Dipl\u00f4me: Vous avez au moins un dipl\u00f4me de niveau secondaire<\/p>\n\n\n\n<p class=\"has-dark-blue-color has-text-color\">Se soumettre \u00e0 un d\u00e9pistage d&#8217;alcool et de drogues + passer un examen m\u00e9dical (organis\u00e9 par TUI fly)<\/p>\n\n\n\n<p class=\"has-dark-blue-color has-text-color\">\u00catre en mesure d&#8217;obtenir un Airside ID complet et valide pour pouvoir travailler comme Cabin Crew (v\u00e9rification des ant\u00e9c\u00e9dents par Brussels Airport Company)<\/p>\n\n\n\n<div style=\"width:100%;padding:0%;background-color:#c2e6fa;border:0px solid #c2e6fa;margin-top:5%;margin-bottom:5%\" class=\"wp-block-tcb-separator\"><\/div>\n\n\n\n<h2 class=\"wp-block-heading has-dark-blue-color has-text-color\" id=\"fancy-joining-us\">Frequently Asked Questions<\/h2>\n\n\n\n<div style=\"width:100%;padding:0%;background-color:#c2e6fa;border:0px solid #c2e6fa;margin-top:5%;margin-bottom:5%\" class=\"wp-block-tcb-separator\"><\/div>\n\n\n\n<div class=\"wp-block-tcb-dropdown\"><input id=\"1\" class=\"dropdown-toggle\" type=\"checkbox\"\/><label for=\"1\" class=\"dropdown-label\">Quelles sont les conditions principales pour commencer en tant que CCM chez TUI fly? <\/label><div class=\"dropdown-content\"><div class=\"content-inner\">\n<p class=\"has-dark-blue-color has-text-color\">\u00b7 \u00c2ge: minimum 18 ans au d\u00e9but de la formation&nbsp;<\/p>\n\n\n\n<p class=\"has-dark-blue-color has-text-color\">\u00b7 Vous mesurez au moins 1m57&nbsp;<\/p>\n\n\n\n<p class=\"has-dark-blue-color has-text-color\">\u00b7 Vous disposez d&#8217;un passeport belge ou d&#8217;un autre passeport de l\u2019UE<\/p>\n\n\n\n<p class=\"has-dark-blue-color has-text-color\">\u00b7 Vous devez passer l&#8217;examen m\u00e9dical pour devenir un Cabin Crew Member. Cet examen sera organis\u00e9 par TUI fly<\/p>\n<\/div><\/div><\/div>\n\n\n\n<div class=\"wp-block-tcb-dropdown\"><input id=\"2\" class=\"dropdown-toggle\" type=\"checkbox\"\/><label for=\"2\" class=\"dropdown-label\">Comment se d\u00e9roule la proc\u00e9dure de recrutement? \t<\/label><div class=\"dropdown-content\"><div class=\"content-inner\">\n<p class=\"has-dark-blue-color has-text-color\">\u00b7 Candidature en ligne&nbsp;<\/p>\n\n\n\n<p class=\"has-dark-blue-color has-text-color\">\u00b7 Tests en ligne: test de mise en situation et test d\u2019anglais (oral et \u00e9crit).&nbsp;&nbsp;<\/p>\n\n\n\n<p class=\"has-dark-blue-color has-text-color\">\u00b7 Vous recevez vos r\u00e9sultats apr\u00e8s les tests. Si les r\u00e9sultats sont n\u00e9gatifs, la proc\u00e9dure de recrutement prend fin. Si les r\u00e9sultats sont positifs, vous passez au test suivant, jusqu&#8217;\u00e0 pouvoir planifier votre entretien virtuel.&nbsp;<\/p>\n\n\n\n<p class=\"has-dark-blue-color has-text-color\">\u00b7 Journ\u00e9e de s\u00e9lection: Interview + discussion de groupe en face \u00e0 face au si\u00e8ge de TUI fly.&nbsp;<\/p>\n\n\n\n<p class=\"has-dark-blue-color has-text-color\">\u00b7 Si le r\u00e9sultat est positif, nous vous donnerons un rendez-vous pour un d\u00e9pistage d&#8217;alcool et de drogues. Votre examen m\u00e9dical sera \u00e9galement planifi\u00e9 \u00e0 ce moment-l\u00e0.<\/p>\n\n\n\n<p class=\"has-dark-blue-color has-text-color\">\u00b7 D\u00e9but de la formation&nbsp;&nbsp;&nbsp;&nbsp;&nbsp;&nbsp;&nbsp;&nbsp;&nbsp;&nbsp;<br><br><\/p>\n<\/div><\/div><\/div>\n\n\n\n<div class=\"wp-block-tcb-dropdown\"><input id=\"3\" class=\"dropdown-toggle\" type=\"checkbox\"\/><label for=\"3\" class=\"dropdown-label\">Quand sont pr\u00e9vues les dates de d\u00e9marrage des formations? <\/label><div class=\"dropdown-content\"><div class=\"content-inner\">\n<p><mark style=\"background-color:rgba(0, 0, 0, 0)\" class=\"has-inline-color has-dark-blue-color\">Nous avons plusieurs possibilit\u00e9s. Les formations sont,\u00a0pour l\u2019instant, pr\u00e9vues entre ao\u00fbt 2024 et octobre 2024. Vous pouvez donc postuler m\u00eame si vous devez prester un pr\u00e9avis. Vous recevrez les dates exactes \u00e0 la fin de votre proc\u00e9dure de recrutement.<\/mark><\/p>\n\n\n\n<p><mark style=\"background-color:rgba(0, 0, 0, 0)\" class=\"has-inline-color has-dark-blue-color\">L&#8217;offre d&#8217;emploi pour les \u00e9tudiants sera publi\u00e9e plus tard et les informations concernant celle-ci suivront \u00e9galement.<\/mark><\/p>\n<\/div><\/div><\/div>\n\n\n\n<div class=\"wp-block-tcb-dropdown\"><input id=\"4\" class=\"dropdown-toggle\" type=\"checkbox\"\/><label for=\"4\" class=\"dropdown-label\">Combien de temps dure la formation? \t<\/label><div class=\"dropdown-content\"><div class=\"content-inner\">\n<p class=\"has-dark-blue-color has-text-color\">Vous avez d&#8217;abord une formation th\u00e9orique intensive de 6 semaines sur la s\u00e9curit\u00e9 \u00e0 bord, le service, les exercices d&#8217;\u00e9vacuation, etc. Durant les jours qui suivent, vos vols d&#8217;entra\u00eenement sont planifi\u00e9s. Vous pouvez donc compter sur une p\u00e9riode d&#8217;environ 8 semaines au total.&nbsp;<\/p>\n\n\n\n<p class=\"has-dark-blue-color has-text-color\">Pour les \u00e9tudiants, il s&#8217;agira principalement de formations pendant les week-ends et les vacances scolaires.<\/p>\n<\/div><\/div><\/div>\n\n\n\n<div class=\"wp-block-tcb-dropdown\"><input id=\"5\" class=\"dropdown-toggle\" type=\"checkbox\"\/><label for=\"5\" class=\"dropdown-label\">Recevons-nous une r\u00e9mun\u00e9ration durant notre formation?  <\/label><div class=\"dropdown-content\"><div class=\"content-inner\">\n<p class=\"has-dark-blue-color has-text-color\">Oui, d\u00e8s le d\u00e9but de votre formation, vous recevez un salaire comparable \u00e0 votre salaire de base brut. Lorsque vous commencez \u00e0 voler, diff\u00e9rentes primes et avantages l\u00e9gaux sont ajout\u00e9s.&nbsp;&nbsp;<\/p>\n\n\n\n<p class=\"has-dark-blue-color has-text-color\"><mark style=\"background-color:rgba(0, 0, 0, 0)\" class=\"has-inline-color has-dark-blue-color\">Si vous volez en tant qu&#8217;\u00e9tudiant en emploi, vous recevrez un salaire \u00e0 partir du premier jour o\u00f9 vous commencerez \u00e0 voler. Le montant de votre salaire brut, des suppl\u00e9ments et des avantages reste le m\u00eame.<\/mark><\/p>\n<\/div><\/div><\/div>\n\n\n\n<div class=\"wp-block-tcb-dropdown\"><input id=\"6\" class=\"dropdown-toggle\" type=\"checkbox\"\/><label for=\"6\" class=\"dropdown-label\">Je ne parle pas bien fran\u00e7ais\/n\u00e9erlandais comme 2e langue nationale. Suis-je \u00e9ligible ?<\/label><div class=\"dropdown-content\"><div class=\"content-inner\">\n<p class=\"has-dark-blue-color has-text-color\">Oui, mais nous vous demandons de faire preuve de motivation et d&#8217;engagement pour am\u00e9liorer la 2<sup>e<\/sup> langue nationale. N\u00e9anmoins, nous attendons de votre part que vous ayez de bonnes notions dans l&#8217;autre langue nationale afin de pouvoir mener une conversation basique, r\u00e9pondre \u00e0 une simple question ou \u00e9valuer et expliquer un \u00e9ventuel risque \u00e0 bord.&nbsp;&nbsp;<\/p>\n<\/div><\/div><\/div>\n\n\n\n<div class=\"wp-block-tcb-dropdown\"><input id=\"7\" class=\"dropdown-toggle\" type=\"checkbox\"\/><label for=\"7\" class=\"dropdown-label\">Ma connaissance de l&#8217;anglais est limit\u00e9e. Suis-je \u00e9ligible ?<\/label><div class=\"dropdown-content\"><div class=\"content-inner\">\n<p class=\"has-dark-blue-color has-text-color\">L&#8217;anglais est la langue principale dans l&#8217;aviation et tous les cours et examens seront donn\u00e9s et pass\u00e9s en anglais. Durant vos tests en ligne, votre niveau d&#8217;anglais ( \u00e0 l\u2019\u00e9crit et \u00e0 l\u2019oral) sera \u00e9valu\u00e9.<\/p>\n<\/div><\/div><\/div>\n\n\n\n<div class=\"wp-block-tcb-dropdown\"><input id=\"8\" class=\"dropdown-toggle\" type=\"checkbox\"\/><label for=\"8\" class=\"dropdown-label\">Je n&#8217;ai pas de passeport de l\u2019UE. Suis-je quand m\u00eame \u00e9ligible ? <\/label><div class=\"dropdown-content\"><div class=\"content-inner\">\n<p class=\"has-dark-blue-color has-text-color\">Si vous n&#8217;avez pas encore de passeport de l\u2019UE mais que vous pouvez vous en procurer un facilement, vous \u00eates \u00e9ligible. La demande d&#8217;un passeport de l\u2019UE dure environ deux semaines pour les citoyens belges. Renseignez-vous aupr\u00e8s de votre administration communale.&nbsp;&nbsp;&nbsp;&nbsp;&nbsp;<br><br>Si vous avez d\u00e9j\u00e0 un passeport de l\u2019UE, v\u00e9rifiez s&#8217;il est encore valable. Votre passeport doit \u00eatre valable au moins 6 mois.<\/p>\n<\/div><\/div><\/div>\n\n\n\n<div class=\"wp-block-tcb-dropdown\"><input id=\"9\" class=\"dropdown-toggle\" type=\"checkbox\"\/><label for=\"9\" class=\"dropdown-label\">Quel type de contrat proposez-vous? \t<\/label><div class=\"dropdown-content\"><div class=\"content-inner\">\n<p class=\"has-dark-blue-color has-text-color\">\u00c9tant donn\u00e9 que la plupart des gens partent en vacances pendant la p\u00e9riode d&#8217;\u00e9t\u00e9, nous proposons un contrat saisonnier dans un premier temps. En fonction de vos \u00e9valuations interm\u00e9diaires, nous vous proposons une ou plusieurs prolongations qui peuvent aussi aboutir \u00e0 un contrat fixe. Par ailleurs, il existe de nombreuses opportunit\u00e9s de travail chez TUI, que ce soit au si\u00e8ge, \u00e0 l&#8217;\u00e9tranger ou dans les diff\u00e9rentes agences de voyages.&nbsp;&nbsp;<\/p>\n\n\n\n<p class=\"has-dark-blue-color has-text-color\">Les \u00e9tudiants voleront pendant la p\u00e9riode d&#8217;\u00e9t\u00e9 (juillet-ao\u00fbt et\/ou septembre).<\/p>\n<\/div><\/div><\/div>\n\n\n\n<div class=\"wp-block-tcb-dropdown\"><input id=\"10\" class=\"dropdown-toggle\" type=\"checkbox\"\/><label for=\"10\" class=\"dropdown-label\">Quel est le salaire d&#8217;un Cabin Crew Member? \t<\/label><div class=\"dropdown-content\"><div class=\"content-inner\">\n<p class=\"has-dark-blue-color has-text-color\">Le salaire d&#8217;un membre du personnel de cabine comprend plusieurs \u00e9l\u00e9ments. Il y a le salaire de base brut (calcul\u00e9 en fonction de votre situation individuelle), auquel s&#8217;ajoutent divers suppl\u00e9ments (par exemple, des indemnit\u00e9s journali\u00e8res, une commission sur le chiffre d&#8217;affaires r\u00e9alis\u00e9 par le personnel de bord, une indemnit\u00e9 de d\u00e9placement,&#8230;) et d&#8217;autres avantages.<\/p>\n<\/div><\/div><\/div>\n<\/div><\/div>\n\n\n\n<p><\/p>\n","protected":false},"excerpt":{"rendered":"","protected":false},"author":1,"featured_media":0,"parent":0,"menu_order":0,"comment_status":"closed","ping_status":"closed","template":"","meta":[],"_links":{"self":[{"href":"https:\/\/demo-1.carlashub.com\/index.php\/wp-json\/wp\/v2\/pages\/389896"}],"collection":[{"href":"https:\/\/demo-1.carlashub.com\/index.php\/wp-json\/wp\/v2\/pages"}],"about":[{"href":"https:\/\/demo-1.carlashub.com\/index.php\/wp-json\/wp\/v2\/types\/page"}],"author":[{"embeddable":true,"href":"https:\/\/demo-1.carlashub.com\/index.php\/wp-json\/wp\/v2\/users\/1"}],"replies":[{"embeddable":true,"href":"https:\/\/demo-1.carlashub.com\/index.php\/wp-json\/wp\/v2\/comments?post=389896"}],"version-history":[{"count":0,"href":"https:\/\/demo-1.carlashub.com\/index.php\/wp-json\/wp\/v2\/pages\/389896\/revisions"}],"wp:attachment":[{"href":"https:\/\/demo-1.carlashub.com\/index.php\/wp-json\/wp\/v2\/media?parent=389896"}],"curies":[{"name":"wp","href":"https:\/\/api.w.org\/{rel}","templated":true}]}}