{"id":370478,"date":"2022-07-26T07:00:48","date_gmt":"2022-07-26T07:00:48","guid":{"rendered":"https:\/\/careers.tuigroup.com\/?page_id=370478"},"modified":"2022-07-26T07:00:48","modified_gmt":"2022-07-26T07:00:48","slug":"virtuelle-interviews-und-datenschutz-dsgvo","status":"publish","type":"page","link":"https:\/\/demo-1.carlashub.com\/index.php\/virtuelle-interviews-und-datenschutz-dsgvo\/","title":{"rendered":"GDPR AND VIRTUAL INTERVIEWS &#8211; German version"},"content":{"rendered":"\n<p><\/p>\n\n\n\n<p><\/p>\n\n\n\n<p><\/p>\n\n\n\n<h1 id=\"h-virtuelle-interviews-und-datenschutz-dsgvo\">VIRTUELLE INTERVIEWS UND DATENSCHUTZ (DSGVO)<\/h1>\n\n\n\n<p><\/p>\n\n\n\n<p><\/p>\n\n\n\n<p>In der Vorstellungsgespr\u00e4chsphase ist es uns wichtig, dich pers\u00f6nlich kennenzulernen. Um dir Zeit und Kosten f\u00fcr die Teilnahme an einem Vorstellungsgespr\u00e4ch vor Ort zu ersparen, verwenden wir unter anderem Videokonferenztechnologie, um dich virtuell von Angesicht zu Angesicht zu treffen. Das bedeutet, dass du deine Kamera bei der Teilnahme m\u00f6glichst angeschaltet haben solltest. Die Interviews\/Assessments werden nicht aufgezeichnet, aber wir machen z.B. Notizen (Digital oder auf Papier). Vertreter des TUI Talent Acquisition Teams f\u00fchren die virtuellen Interviews oder Assessments durch.<\/p>\n\n\n\n<p>Du kannst auch andere Kandidaten w\u00e4hrend z.B. einer Begr\u00fc\u00dfungssitzung oder bei einer Gruppen\u00fcbung treffen, und wir bitten dich, die Vertraulichkeit anderer Kandidaten w\u00e4hrend der virtuellen Veranstaltung zu respektieren und danach keine Details mit anderen zu teilen und nichts aufzuzeichnen\/zu fotografieren, was du siehst.<\/p>\n\n\n\n<p>Deine personenbezogenen Daten werden gem\u00e4\u00df der Datenschutz-Grundverordnung (DSGVO) verarbeitet. Auf unsere Datenschutzerkl\u00e4rung wird zum Zeitpunkt der Bewerbung auf unserem&nbsp;<a href=\"https:\/\/career5.successfactors.eu\/career?company=tuiinfotec&amp;site=&amp;lang=en_GB&amp;requestParams=&amp;jobPipeline=Direct&amp;navBarLevel=MY%5fPROFILE&amp;_s.crb=3nYRU4EHY3L7zSo02jb3SASYOlE9Cq4TKmciLqqzlW4%3d\" rel=\"noreferrer noopener\" target=\"_blank\">Bewerberportal<\/a>&nbsp;verwiesen, diese kannst du nach Anmeldung in deinem TUI Profil im Bereich Suchoptionen &amp; Datenschutz einsehen. Wir arbeiten mit dem Dienstleister SOVA Assessment Ltd zusammen, um virtuelle Interviews\/Assessments durchf\u00fchren zu k\u00f6nnen. Die Datenschutzerkl\u00e4rung von unserem Dienstleister SOVA Assessment Ltd kannst du&nbsp;<a href=\"https:\/\/sovaassessment.com\/privacy-notice\" rel=\"noreferrer noopener\" target=\"_blank\">hier<\/a>&nbsp;einsehen.<\/p>\n\n\n\n<p>Wir verarbeiten und speichern die erhaltenen personenbezogenen Daten auf Grundlage deiner Einwilligung mit der Rechtsgrundlage Art. 6 (1) a) DSGVO. Es findet keine Profilierung oder Speicherung der Interviews\/Assessments statt.<\/p>\n\n\n\n<p>Wir speichern die von uns verarbeiteten personenbezogenen Daten auf Grundlage der gesetzlichen Aufbewahrungsfristen. Nach Ablauf dieser Frist werden deine Daten gel\u00f6scht oder anonymisiert. Dar\u00fcber hinaus beinhaltet der Interviewprozess technische und organisatorische Ma\u00dfnahmen auf Basis unserer IT-Sicherheitsstandards. Zum Auskunftsrecht und deine Betroffenenrechten kannst du dich jederzeit an deinen Recruiter oder unsere Datenschutzabteilung per E-Mail an Datenschutz@tui.com wenden.<\/p>\n\n\n\n<p>Bei Fragen zum Umgang mit personenbezogenen Daten oder zum Datenschutz (DSGVO\/GDPR) wende dich bitte an unsere Datenschutzabteilung z.B. per E-Mail an Datenschutz@tui.com.<\/p>\n\n\n\n<p>Indem du unsere Einladung zur Teilnahme annimmst, akzeptierst du unsere Datenschutzbestimmungen und stimmst dieser zu.<\/p>\n","protected":false},"excerpt":{"rendered":"<p>VIRTUELLE INTERVIEWS UND DATENSCHUTZ (DSGVO) In der Vorstellungsgespr\u00e4chsphase ist es uns wichtig, dich pers\u00f6nlich kennenzulernen. Um dir Zeit und Kosten f\u00fcr die Teilnahme an einem Vorstellungsgespr\u00e4ch vor Ort zu ersparen, verwenden wir unter anderem Videokonferenztechnologie, um dich virtuell von Angesicht zu Angesicht zu treffen. Das bedeutet, dass du deine Kamera bei der Teilnahme m\u00f6glichst angeschaltet &hellip; <\/p>\n<p class=\"link-more\"><a href=\"https:\/\/demo-1.carlashub.com\/index.php\/virtuelle-interviews-und-datenschutz-dsgvo\/\" class=\"more-link\">Read More<span class=\"screen-reader-text\"> &#8220;GDPR AND VIRTUAL INTERVIEWS &#8211; German version&#8221;<\/span><\/a><\/p>\n","protected":false},"author":1,"featured_media":0,"parent":0,"menu_order":0,"comment_status":"closed","ping_status":"closed","template":"","meta":[],"_links":{"self":[{"href":"https:\/\/demo-1.carlashub.com\/index.php\/wp-json\/wp\/v2\/pages\/370478"}],"collection":[{"href":"https:\/\/demo-1.carlashub.com\/index.php\/wp-json\/wp\/v2\/pages"}],"about":[{"href":"https:\/\/demo-1.carlashub.com\/index.php\/wp-json\/wp\/v2\/types\/page"}],"author":[{"embeddable":true,"href":"https:\/\/demo-1.carlashub.com\/index.php\/wp-json\/wp\/v2\/users\/1"}],"replies":[{"embeddable":true,"href":"https:\/\/demo-1.carlashub.com\/index.php\/wp-json\/wp\/v2\/comments?post=370478"}],"version-history":[{"count":0,"href":"https:\/\/demo-1.carlashub.com\/index.php\/wp-json\/wp\/v2\/pages\/370478\/revisions"}],"wp:attachment":[{"href":"https:\/\/demo-1.carlashub.com\/index.php\/wp-json\/wp\/v2\/media?parent=370478"}],"curies":[{"name":"wp","href":"https:\/\/api.w.org\/{rel}","templated":true}]}}