{"id":360013,"date":"2021-11-29T14:18:34","date_gmt":"2021-11-29T14:18:34","guid":{"rendered":"https:\/\/careers.tuigroup.com\/?page_id=360013"},"modified":"2021-11-29T14:18:34","modified_gmt":"2021-11-29T14:18:34","slug":"tui-contact-centre","status":"publish","type":"page","link":"https:\/\/demo-1.carlashub.com\/index.php\/jobs-im-ausland\/tui-contact-centre\/","title":{"rendered":"TUI Contact Centre"},"content":{"rendered":"\n\n\n<div class=\"wp-block-tcb-hero-image hero-image-container full-width\"><svg><clipPath id=\"desktop-2560-hero-svg\" clipPathUnits=\"objectBoundingBox\"><path d=\"M0.031,0 L0.969,0 C0.986,0,1,0.024,1,0.053 L1,0.887 L1,0.887 C0.92,0.955,0.659,1,0.5,1 C0.341,1,0.08,0.955,0,0.887 L0,0.053 C0,0.024,0.014,0,0.031,0\"><\/path><\/clipPath><clipPath id=\"desktop-1920-hero-svg\" clipPathUnits=\"objectBoundingBox\"><path d=\"M80,0l1760,0c44.183,0,80,35.817,80,80l0,921.026l0,0c-153.475,76.391,-655.659,126.974,-960,126.974c-304.341,0,-806.525,-50.583,-960,-126.975l0,-921.025c0,-44.183,35.817,-80,80,-80z\"><\/path><\/clipPath><clipPath id=\"desktop-big-hero-svg\" clipPathUnits=\"objectBoundingBox\"><path d=\"M0.056,0 h0.889 c0.031,0,0.056,0.042,0.056,0.095 v0.793 C0.92,0.955,0.659,1,0.5,1 c-0.159,0,-0.42,-0.045,-0.5,-0.113 V0.095 c0,-0.052,0.025,-0.095,0.056,-0.095\"><\/path><\/clipPath><clipPath id=\"desktop-hero-svg\" clipPathUnits=\"objectBoundingBox\"><path d=\"M0.074,0 h0.854 c0.04,0,0.072,0.042,0.072,0.093 V0.887 C0.894,0.955,0.71,1,0.5,1 c-0.21,0,-0.394,-0.045,-0.5,-0.113 V0.095 c0,-0.052,0.033,-0.095,0.074,-0.095\"><\/path><\/clipPath><clipPath id=\"mobile-hero-svg\" clipPathUnits=\"objectBoundingBox\"><path d=\"M0.085,0 H0.915 C0.962,0,1,0.024,1,0.055 V0.949 C0.888,0.983,0.721,1,0.5,1 S0.112,0.983,0,0.949 V0.055 C0,0.024,0.038,0,0.085,0\"><\/path><\/clipPath><\/svg><div class=\"image-1920-470 hero-img\" aria-label=\"\" style=\"background-image: url(https:\/\/careers.tuigroup.com\/wp-content\/uploads\/2023\/03\/TUI-Contact-Center-1.png)\" data-image=\"https:\/\/careers.tuigroup.com\/wp-content\/uploads\/2023\/03\/TUI-Contact-Center-1.png\"><\/div><div class=\"image-1920-470 hero-mobile-image\" aria-label=\"\" style=\"background-image: url(https:\/\/careers.tuigroup.com\/wp-content\/uploads\/2023\/03\/TUI-Contact-Center-1.png)\" data-mobileimage=\"https:\/\/careers.tuigroup.com\/wp-content\/uploads\/2023\/03\/TUI-Contact-Center-1.png\"><\/div><div class=\"hero-overlay-wrapper\"><a href=\"https:\/\/careers.tuigroup.com\/jobs\/?department=6\" class=\"\" target=\"_self\" rel=\"noopener noreferrer\"><div class=\"hero-overlay\"><h1 class=\"hero-image-headline hero-text\" style=\"color:#fff\">TUI CONTACT CENTRE<\/h1><span class=\"hero-image-text hero-text\" style=\"color:#fff\">Arbeite in unserem TUI Experience Centre<\/span><button class=\"hero-overlay-button no-pointer\">Alle Jobs im Ausland ansehen<\/button><\/div><\/a><\/div><\/div>\n\n\n\n<div style=\"width:100%;padding:2px;background-color:#fff;border:0px solid #fff;margin-top:2%;margin-bottom:2%\" class=\"wp-block-tcb-separator\"><\/div>\n\n\n\n<div style=\"width:100%;padding:2px;background-color:#fff;border:0px solid #fff;margin-top:2%;margin-bottom:2%\" class=\"wp-block-tcb-separator\"><\/div>\n\n\n\n<div class=\"wp-block-tcb-colored-container\" style=\"background:linear-gradient(180deg, #e2f6fd 100%, #fff 100%);padding:4%\"><div class=\"content-wrapper\">\n<div class=\"wp-block-tcb-shifted-image-text columns-50-50\" style=\"background-color:rgba(255, 255, 255, 0);margin:0 0 0 -8%\"><a class=\"image-16-9  no-pointer\"><img src=\"https:\/\/careers.tuigroup.com\/wp-content\/uploads\/2022\/09\/tui-mallorca-aug22-main_images-341-scaled-1.jpg\" alt=\"TUI Contact Centre Agent arbeitet an seinem Schreibtisch an seinem Laptop, woneben ein Rucksack mit Flaggen aus aller Welt steht\"\/><\/a><div class=\"centered-text fixed-padding-mobile\" style=\"padding:7%\">\n<h2 class=\"wp-block-heading\" id=\"h-tui-contact-centre-agent\">TUI Contact Centre Agent<\/h2>\n\n\n\n<p>Sei ein Teil des Herzst\u00fccks unseres ber\u00fchmten 24\/7 TUI Destination Service Teams als einer unserer internationalen Kontakt Center Mitarbeiter (m\/w\/d). Als die freundliche Stimme von TUI nutzt du jede einzelne M\u00f6glichkeit, um unsere G\u00e4ste zum L\u00e4cheln zu bringen. Lebe unser Motto \u201eLive Happy\u201c, indem du ihnen hilfreiche Ratschl\u00e4ge gibst und L\u00f6sungen f\u00fcr ihre Fragen anbietest.<\/p>\n<\/div><\/div>\n\n\n\n<p><\/p>\n<\/div><\/div>\n\n\n\n<div style=\"width:100%;padding:2px;background-color:#fff;border:0px solid #fff;margin-top:2%;margin-bottom:2%\" class=\"wp-block-tcb-separator\"><\/div>\n\n\n\n<div class=\"wp-block-tcb-colored-container\" style=\"background:linear-gradient(180deg, #c7eafb 100%, #fff 100%);padding:4%\"><div class=\"content-wrapper\">\n<div class=\"wp-block-tcb-shifted-image-text columns-50-50\" style=\"background-color:rgba(255, 255, 255, 0);margin:0 -8% 0 0\"><a href=\"\" class=\"image-16-9 force-second-col no-pointer\"><img src=\"https:\/\/careers.tuigroup.com\/wp-content\/uploads\/2021\/11\/Online-Sales.png\" alt=\"\"\/><\/a><div class=\"centered-text fixed-padding-mobile\" style=\"padding:7%\">\n<h2 class=\"wp-block-heading\" id=\"h-tui-online-sales-support-agent\">TUI Online Sales Support Agent<\/h2>\n\n\n\n<p><br>Sei ein Teil des Herzst\u00fccks unseres ber\u00fchmten 24\/7 TUI Destination Service Teams als einer unserer Online-Verkaufsberater (m\/w\/d) vor Ort. Als die freundliche Stimme von TUI nutzt du jede einzelne M\u00f6glichkeit, um unsere G\u00e4ste zum L\u00e4cheln zu bringen. Lebe unser Motto \u201elive happy\u201c, indem du ihnen tolle Erlebnisse und Ausfl\u00fcge anbietest, die ihren Urlaub bereichern.<\/p>\n\n\n\n<p><\/p>\n<\/div><\/div>\n\n\n\n<p><\/p>\n<\/div><\/div>\n\n\n\n<div style=\"width:100%;padding:2px;background-color:#fff;border:0px solid #fff;margin-top:2%;margin-bottom:2%\" class=\"wp-block-tcb-separator\"><\/div>\n\n\n\n<div class=\"wp-block-tcb-entrypoint-container entrypoints-container\">\n<div class=\"wp-block-tcb-entrypoint entrypoint\"><a href=\"\/holiday-destination-jobs\/how-we-employ\" class=\"\" target=\"_self\" rel=\"noopener noreferrer\"><img src=\"https:\/\/careers.tuigroup.com\/wp-content\/uploads\/2023\/03\/Frida-Lindstrom.jpg\" alt=\"TUI Reiseleiter, Arm in Arm am Strand, winken einem Flugzeug zu, welches \u00fcber sie hinweg fliegt\"\/><div class=\"entrypoint-overlay\"><h2 class=\"entrypoint-headline\">WIE WIR EINSTELLEN<\/h2><\/div><\/a><\/div>\n\n\n\n<div class=\"wp-block-tcb-entrypoint entrypoint\"><a href=\"https:\/\/careers.tuigroup.com\/life-at-tui\/\" class=\"\" target=\"_self\" rel=\"noopener noreferrer\"><img src=\"https:\/\/careers.tuigroup.com\/wp-content\/uploads\/2023\/03\/Screenshot-2022-09-15-at-13.08.23-e1663243757826.png\" alt=\"5 Reiseleiter in TUI BLUE Uniform stehen l\u00e4chelnd vor Palmen\"\/><div class=\"entrypoint-overlay\"><h2 class=\"entrypoint-headline\">LIFE AT TUI<\/h2><\/div><\/a><\/div>\n\n\n\n<div class=\"wp-block-tcb-entrypoint entrypoint\"><a class=\"modal-target\" data-bs-toggle=\"modal\" data-bs-target=\"#modalOverlay-3\" target=\"_self\" rel=\"noopener noreferrer\"><img src=\"https:\/\/careers.tuigroup.com\/wp-content\/uploads\/2023\/03\/@aguycalledsaul-1.jpg\" alt=\"3 Fitness Instrukteure posieren in TUI BLUE Uniform vor einem Pool\"\/><div class=\"entrypoint-overlay\"><h2 class=\"entrypoint-headline\">DEINE BEWERBUNGSREISE<\/h2><\/div><div class=\"modal fade\" id=\"modalOverlay-3\" tabindex=\"-1\" role=\"dialog\" aria-labelledby=\"modalTitle\" aria-hidden=\"true\"><div class=\"modal-dialog modal-dialog-centered\" role=\"document\"><div class=\"modal-content\"><div class=\"modal-header\"><h5 class=\"modal-title\" id=\"modalTitle\">DEINE BEWERBUNGSREISE<\/h5><button type=\"button\" class=\"btn-close\" data-bs-dismiss=\"modal\" aria-label=\"Close\"><\/button><\/div><div class=\"modal-body\"><img class=\"modalImage\" src=\"https:\/\/careers.tuigroup.com\/wp-content\/uploads\/2022\/12\/Candidate_Journey_Illustration_V3.jpg-scaled.jpg\"\/><\/div><\/div><\/div><\/div><\/a><\/div>\n<\/div>\n\n\n\n<div style=\"width:100%;padding:2px;background-color:#fff;border:0px solid #fff;margin-top:2%;margin-bottom:2%\" class=\"wp-block-tcb-separator\"><\/div>\n\n\n\n<h2 class=\"wp-block-heading\" id=\"h-arbeiten-im-ausland\">ARBEITEN IM AUSLAND<\/h2>\n\n\n\n<p>Wichtig: Diese Stellenangebote bieten flexible Arbeitsvertr\u00e4ge im Ausland (au\u00dferhalb deines Heimatlandes) nur f\u00fcr EU- oder britische* Staatsangeh\u00f6rige.&nbsp;<\/p>\n\n\n\n<p>Scrolle auf der Seite nach unten, um weitere Stellenangebote zu sehen, die einen lokalen Vertrag in einem bestimmten Land oder Zielland anbieten.<\/p>\n\n\n\n<p>*Weitere Informationen findest du in den jeweiligen Stellenanzeigen.&nbsp;<\/p>\n\n\n\n<div style=\"width:100%;padding:2px;background-color:#fff;border:0px solid #fff;margin-top:2%;margin-bottom:2%\" class=\"wp-block-tcb-separator\"><\/div>\n\n\n\n\n\n<div style=\"width:100%;padding:2px;background-color:#fff;border:0px solid #fff;margin-top:2%;margin-bottom:2%\" class=\"wp-block-tcb-separator\"><\/div>\n\n\n\n<h2 class=\"wp-block-heading\" id=\"h-jobs-fur-lokale-mitarbeiter\">JOBS F\u00dcR LOKALE MITARBEITER<\/h2>\n\n\n\n<p>Um dich auf diese Stellen zu bewerben, musst du das Recht haben, in dem ausgeschriebenen Zielland zu leben und zu arbeiten.<\/p>\n\n\n","protected":false},"excerpt":{"rendered":"<p>ARBEITEN IM AUSLAND Wichtig: Diese Stellenangebote bieten flexible Arbeitsvertr\u00e4ge im Ausland (au\u00dferhalb deines Heimatlandes) nur f\u00fcr EU- oder britische* Staatsangeh\u00f6rige.&nbsp; Scrolle auf der Seite nach unten, um weitere Stellenangebote zu sehen, die einen lokalen Vertrag in einem bestimmten Land oder Zielland anbieten. *Weitere Informationen findest du in den jeweiligen Stellenanzeigen.&nbsp; JOBS F\u00dcR LOKALE MITARBEITER Um &hellip; <\/p>\n<p class=\"link-more\"><a href=\"https:\/\/demo-1.carlashub.com\/index.php\/jobs-im-ausland\/tui-contact-centre\/\" class=\"more-link\">Read More<span class=\"screen-reader-text\"> &#8220;TUI Contact Centre&#8221;<\/span><\/a><\/p>\n","protected":false},"author":1,"featured_media":0,"parent":252635,"menu_order":0,"comment_status":"closed","ping_status":"closed","template":"","meta":[],"_links":{"self":[{"href":"https:\/\/demo-1.carlashub.com\/index.php\/wp-json\/wp\/v2\/pages\/360013"}],"collection":[{"href":"https:\/\/demo-1.carlashub.com\/index.php\/wp-json\/wp\/v2\/pages"}],"about":[{"href":"https:\/\/demo-1.carlashub.com\/index.php\/wp-json\/wp\/v2\/types\/page"}],"author":[{"embeddable":true,"href":"https:\/\/demo-1.carlashub.com\/index.php\/wp-json\/wp\/v2\/users\/1"}],"replies":[{"embeddable":true,"href":"https:\/\/demo-1.carlashub.com\/index.php\/wp-json\/wp\/v2\/comments?post=360013"}],"version-history":[{"count":0,"href":"https:\/\/demo-1.carlashub.com\/index.php\/wp-json\/wp\/v2\/pages\/360013\/revisions"}],"up":[{"embeddable":true,"href":"https:\/\/demo-1.carlashub.com\/index.php\/wp-json\/wp\/v2\/pages\/252635"}],"wp:attachment":[{"href":"https:\/\/demo-1.carlashub.com\/index.php\/wp-json\/wp\/v2\/media?parent=360013"}],"curies":[{"name":"wp","href":"https:\/\/api.w.org\/{rel}","templated":true}]}}