{"id":354475,"date":"2021-07-23T11:57:43","date_gmt":"2021-07-23T11:57:43","guid":{"rendered":"https:\/\/careers.tuigroup.com\/?page_id=354475"},"modified":"2021-07-23T11:57:43","modified_gmt":"2021-07-23T11:57:43","slug":"alerte-emploi","status":"publish","type":"page","link":"https:\/\/demo-1.carlashub.com\/index.php\/alerte-emploi\/","title":{"rendered":"Alerte emploi"},"content":{"rendered":"\n<div class=\"wp-block-tcb-hero-image hero-image-container full-width\"><svg><clipPath id=\"desktop-2560-hero-svg\" clippathunits=\"objectBoundingBox\"><path d=\"M0.031,0 L0.969,0 C0.986,0,1,0.024,1,0.053 L1,0.887 L1,0.887 C0.92,0.955,0.659,1,0.5,1 C0.341,1,0.08,0.955,0,0.887 L0,0.053 C0,0.024,0.014,0,0.031,0\"><\/path><\/clipPath><clipPath id=\"desktop-1920-hero-svg\" clippathunits=\"objectBoundingBox\"><path d=\"M80,0l1760,0c44.183,0,80,35.817,80,80l0,921.026l0,0c-153.475,76.391,-655.659,126.974,-960,126.974c-304.341,0,-806.525,-50.583,-960,-126.975l0,-921.025c0,-44.183,35.817,-80,80,-80z\"><\/path><\/clipPath><clipPath id=\"desktop-big-hero-svg\" clippathunits=\"objectBoundingBox\"><path d=\"M0.056,0 h0.889 c0.031,0,0.056,0.042,0.056,0.095 v0.793 C0.92,0.955,0.659,1,0.5,1 c-0.159,0,-0.42,-0.045,-0.5,-0.113 V0.095 c0,-0.052,0.025,-0.095,0.056,-0.095\"><\/path><\/clipPath><clipPath id=\"desktop-hero-svg\" clippathunits=\"objectBoundingBox\"><path d=\"M0.074,0 h0.854 c0.04,0,0.072,0.042,0.072,0.093 V0.887 C0.894,0.955,0.71,1,0.5,1 c-0.21,0,-0.394,-0.045,-0.5,-0.113 V0.095 c0,-0.052,0.033,-0.095,0.074,-0.095\"><\/path><\/clipPath><clipPath id=\"mobile-hero-svg\" clippathunits=\"objectBoundingBox\"><path d=\"M0.085,0 H0.915 C0.962,0,1,0.024,1,0.055 V0.949 C0.888,0.983,0.721,1,0.5,1 S0.112,0.983,0,0.949 V0.055 C0,0.024,0.038,0,0.085,0\"><\/path><\/clipPath><\/svg><div class=\"image-1920-470 hero-img\" aria-label=\"\" style=\"background-image: url(https:\/\/careers.tuigroup.com\/wp-content\/uploads\/2021\/01\/How-We-Recrtuit-scaled.jpg)\" data-image=\"https:\/\/careers.tuigroup.com\/wp-content\/uploads\/2021\/01\/How-We-Recrtuit-scaled.jpg\"><\/div><div class=\"image-1920-470 hero-mobile-image\" aria-label=\"\" style=\"background-image: url(https:\/\/careers.tuigroup.com\/wp-content\/uploads\/2021\/01\/How-We-Recrtuit-scaled.jpg)\" data-mobileimage=\"https:\/\/careers.tuigroup.com\/wp-content\/uploads\/2021\/01\/How-We-Recrtuit-scaled.jpg\"><\/div><div class=\"hero-overlay-wrapper\"><a class=\"no-pointer\" target=\"_self\" rel=\"noopener noreferrer\"><div class=\"hero-overlay\"><h1 class=\"hero-image-headline hero-text\" style=\"color:#fff\">Alerte emploi<\/h1><span class=\"hero-image-text hero-text\" style=\"color:#fff\"><\/span><\/div><\/a><\/div><\/div>\n\n\n\n<div style=\"width:100%;padding:2px;background-color:#fff;border:0px solid #fff;margin-top:2%;margin-bottom:2%\" class=\"wp-block-tcb-separator\"><\/div>\n\n\n\n<h3 id=\"h-abonnez-vous-a-notre-alerte-emploi-et-lorsque-des-postes-vacants-correspondant-a-vos-criteres-seront-disponibles-nous-vous-enverrons-un-e-mail\" style=\"font-style:normal;font-weight:600\">Abonnez-vous \u00e0 notre alerte emploi et lorsque des postes vacants correspondant \u00e0 vos crit\u00e8res seront disponibles, nous vous enverrons un e-mail.<\/h3>\n\n\n\n<p>S\u00e9lectionnez vos crit\u00e8res:<\/p>\n\n\n\n<div id=\"react-jobalert\"><\/div>\n\n\n\n<div style=\"width:100%;padding:2%;background-color:#fff;border:0px solid #fff;margin-top:2%;margin-bottom:2%\" class=\"wp-block-tcb-separator\"><\/div>\n","protected":false},"excerpt":{"rendered":"<p>Abonnez-vous \u00e0 notre alerte emploi et lorsque des postes vacants correspondant \u00e0 vos crit\u00e8res seront disponibles, nous vous enverrons un e-mail. S\u00e9lectionnez vos crit\u00e8res:<\/p>\n","protected":false},"author":1,"featured_media":0,"parent":0,"menu_order":0,"comment_status":"closed","ping_status":"closed","template":"","meta":[],"_links":{"self":[{"href":"https:\/\/demo-1.carlashub.com\/index.php\/wp-json\/wp\/v2\/pages\/354475"}],"collection":[{"href":"https:\/\/demo-1.carlashub.com\/index.php\/wp-json\/wp\/v2\/pages"}],"about":[{"href":"https:\/\/demo-1.carlashub.com\/index.php\/wp-json\/wp\/v2\/types\/page"}],"author":[{"embeddable":true,"href":"https:\/\/demo-1.carlashub.com\/index.php\/wp-json\/wp\/v2\/users\/1"}],"replies":[{"embeddable":true,"href":"https:\/\/demo-1.carlashub.com\/index.php\/wp-json\/wp\/v2\/comments?post=354475"}],"version-history":[{"count":0,"href":"https:\/\/demo-1.carlashub.com\/index.php\/wp-json\/wp\/v2\/pages\/354475\/revisions"}],"wp:attachment":[{"href":"https:\/\/demo-1.carlashub.com\/index.php\/wp-json\/wp\/v2\/media?parent=354475"}],"curies":[{"name":"wp","href":"https:\/\/api.w.org\/{rel}","templated":true}]}}