{"id":254077,"date":"2019-11-28T12:41:27","date_gmt":"2019-11-28T12:41:27","guid":{"rendered":"https:\/\/careers.tuigroup.com\/?page_id=254077"},"modified":"2019-11-28T12:41:27","modified_gmt":"2019-11-28T12:41:27","slug":"sport-fitness-jobs","status":"publish","type":"page","link":"https:\/\/demo-1.carlashub.com\/index.php\/jobs-im-ausland\/sport-fitness-jobs\/","title":{"rendered":"Sport und Fitness Jobs"},"content":{"rendered":"\n<div class=\"wp-block-tcb-hero-image hero-image-container full-width\"><svg><clipPath id=\"desktop-2560-hero-svg\" clipPathUnits=\"objectBoundingBox\"><path d=\"M0.031,0 L0.969,0 C0.986,0,1,0.024,1,0.053 L1,0.887 L1,0.887 C0.92,0.955,0.659,1,0.5,1 C0.341,1,0.08,0.955,0,0.887 L0,0.053 C0,0.024,0.014,0,0.031,0\"><\/path><\/clipPath><clipPath id=\"desktop-1920-hero-svg\" clipPathUnits=\"objectBoundingBox\"><path d=\"M80,0l1760,0c44.183,0,80,35.817,80,80l0,921.026l0,0c-153.475,76.391,-655.659,126.974,-960,126.974c-304.341,0,-806.525,-50.583,-960,-126.975l0,-921.025c0,-44.183,35.817,-80,80,-80z\"><\/path><\/clipPath><clipPath id=\"desktop-big-hero-svg\" clipPathUnits=\"objectBoundingBox\"><path d=\"M0.056,0 h0.889 c0.031,0,0.056,0.042,0.056,0.095 v0.793 C0.92,0.955,0.659,1,0.5,1 c-0.159,0,-0.42,-0.045,-0.5,-0.113 V0.095 c0,-0.052,0.025,-0.095,0.056,-0.095\"><\/path><\/clipPath><clipPath id=\"desktop-hero-svg\" clipPathUnits=\"objectBoundingBox\"><path d=\"M0.074,0 h0.854 c0.04,0,0.072,0.042,0.072,0.093 V0.887 C0.894,0.955,0.71,1,0.5,1 c-0.21,0,-0.394,-0.045,-0.5,-0.113 V0.095 c0,-0.052,0.033,-0.095,0.074,-0.095\"><\/path><\/clipPath><clipPath id=\"mobile-hero-svg\" clipPathUnits=\"objectBoundingBox\"><path d=\"M0.085,0 H0.915 C0.962,0,1,0.024,1,0.055 V0.949 C0.888,0.983,0.721,1,0.5,1 S0.112,0.983,0,0.949 V0.055 C0,0.024,0.038,0,0.085,0\"><\/path><\/clipPath><\/svg><div class=\"image-1920-470 hero-img\" aria-label=\"\" style=\"background-image: url(https:\/\/careers.tuigroup.com\/wp-content\/uploads\/2023\/10\/emmfitnessx332292115_238987991801018_3949527191924970377_n-e1696238722578.jpg)\" data-image=\"https:\/\/careers.tuigroup.com\/wp-content\/uploads\/2023\/10\/emmfitnessx332292115_238987991801018_3949527191924970377_n-e1696238722578.jpg\"><\/div><div class=\"image-1920-470 hero-mobile-image\" aria-label=\"\" style=\"background-image: url(https:\/\/careers.tuigroup.com\/wp-content\/uploads\/2023\/10\/emmfitnessx332292115_238987991801018_3949527191924970377_n-e1696238722578.jpg)\" data-mobileimage=\"https:\/\/careers.tuigroup.com\/wp-content\/uploads\/2023\/10\/emmfitnessx332292115_238987991801018_3949527191924970377_n-e1696238722578.jpg\"><\/div><div class=\"hero-overlay-wrapper\"><a href=\"https:\/\/careers.tuigroup.com\/jobs\/?department=6\" class=\"\" target=\"_self\" rel=\"noopener noreferrer\"><div class=\"hero-overlay\"><h1 class=\"hero-image-headline hero-text\" style=\"color:#fff\">Sport und Fitness Jobs<\/h1><span class=\"hero-image-text hero-text\" style=\"color:#fff\">Unsere Kunden coachen<\/span><\/div><\/a><\/div><\/div>\n\n\n\n<div style=\"width:100%;padding:2px;background-color:#fff;border:0px solid #fff;margin-top:2%;margin-bottom:2%\" class=\"wp-block-tcb-separator\"><\/div>\n\n\n\n<div class=\"wp-block-tcb-entrypoint-container entrypoints-container\">\n<div class=\"wp-block-tcb-entrypoint entrypoint\"><a href=\"https:\/\/careers.tuigroup.com\/de\/jobs-2\/?department=6&amp;countries=flexible&amp;keywords=instructor||coach||schwimmlehrer||trainer\" class=\"\" target=\"_self\" rel=\"noopener noreferrer\"><img src=\"https:\/\/careers.tuigroup.com\/wp-content\/uploads\/2024\/01\/Sports-And-Fitness-Jobs-Abroad.png\" alt=\"\"\/><div class=\"entrypoint-overlay\"><h2 class=\"entrypoint-headline\">Sport und Fitness Jobs Im Ausland<\/h2><\/div><\/a><\/div>\n\n\n\n<div class=\"wp-block-tcb-entrypoint entrypoint\"><a href=\"https:\/\/careers.tuigroup.com\/de\/jobs-2\/?department=6&amp;countries=spain,cyprus,greece,turkey&amp;keywords=instructor||coach||schwimmlehrer||trainer\" class=\"\" target=\"_self\" rel=\"noopener noreferrer\"><img src=\"https:\/\/careers.tuigroup.com\/wp-content\/uploads\/2024\/01\/Sports-And-Fitness-Jobs-For-Locals.png\" alt=\"\"\/><div class=\"entrypoint-overlay\"><h2 class=\"entrypoint-headline\">Sport und Fitness Jobs In Deinem Heimatland<\/h2><\/div><\/a><\/div>\n<\/div>\n\n\n\n<div style=\"width:100%;padding:1%;background-color:#fff;border:0px solid #fff;margin-top:1%;margin-bottom:1%\" class=\"wp-block-tcb-separator\"><\/div>\n\n\n\n<h2 class=\"wp-block-heading has-text-align-center has-dark-blue-color has-text-color\" id=\"h-um-unsere-neuesten-jobs-in-den-bereichen-fitness-fussball-oder-schwimmen-zu-sehen-klicke-auf-das-entsprechende-feld-oben\">Um unsere neuesten Jobs in den Bereichen Fitness, Fu\u00dfball oder Schwimmen zu sehen, klicke auf das entsprechende Feld oben.<\/h2>\n\n\n\n<div style=\"width:100%;padding:2px;background-color:#fff;border:0px solid #fff;margin-top:2%;margin-bottom:2%\" class=\"wp-block-tcb-separator\"><\/div>\n\n\n\n<div class=\"wp-block-tcb-shifted-image-text columns-50-50\" style=\"background-color:#fff;margin:0 -5% 0 0\"><a class=\"image-16-9 force-second-col no-pointer\"><img src=\"https:\/\/careers.tuigroup.com\/wp-content\/uploads\/2023\/03\/@aguycalledsaul.jpg\" alt=\"Three fitness instructors stood flexing n front of a pool with blue skies behind.\"\/><\/a><div class=\"centered-text fixed-padding-mobile\" style=\"padding:5%\">\n<h3 class=\"wp-block-heading has-dark-blue-color has-text-color\" id=\"h-fitness-trainer-personal-trainer\"><strong>Fitness-Trainer (Personal Trainer)<\/strong><\/h3>\n\n\n\n<p class=\"has-dark-blue-color has-text-color\">Komm zu TUI als Animateur im Ausland oder in deinem Heimatland. Als Animateur\/in bei TUI bietest du ein t\u00e4gliches Programm an Aktivit\u00e4ten und hochkar\u00e4tigen Teamevents. Abends pr\u00e4sentierst du energiegeladene Partyt\u00e4nze, Spiele und Familienunterhaltungsformate und lieferst ein Programm speziell f\u00fcr Teenager.<\/p>\n<\/div><\/div>\n\n\n\n<div style=\"width:100%;padding:2px;background-color:#fff;border:0px solid #fff;margin-top:2%;margin-bottom:2%\" class=\"wp-block-tcb-separator\"><\/div>\n\n\n\n<div class=\"wp-block-tcb-shifted-image-text columns-50-50\" style=\"background-color:#70cbf4;margin:0 0 0 -5%\"><a class=\"image-16-9  no-pointer\"><img src=\"https:\/\/careers.tuigroup.com\/wp-content\/uploads\/2023\/10\/TBFT-Aquaboards-scaled.jpeg\" alt=\"Two swimming instructors stood in front of a pool with their arms in the air smiling at the camera. There is a hotel in the background and it is a sunny day.\"\/><\/a><div class=\"centered-text fixed-padding-mobile\" style=\"padding:5%\">\n<h3 class=\"wp-block-heading has-dark-blue-color has-text-color\" id=\"h-abendunterhalter\"><strong>Abendunterhalter<\/strong><\/h3>\n\n\n\n<p class=\"has-dark-blue-color has-text-color\">Begleite TUI als Abendunterhalter\/in im Ausland oder in deinem Heimatland. Du bist das Gesicht der Abendunterhaltung und kreierst und pr\u00e4sentierst eine Vielzahl von verschiedenen Shows, um unsere G\u00e4ste den ganzen Abend \u00fcber zu unterhalten. Die Shows k\u00f6nnen von Tanzdarbietungen, Live-Gesang, Bingo, Spielshows und mehr reichen.<\/p>\n<\/div><\/div>\n\n\n\n<div style=\"width:100%;padding:2px;background-color:#fff;border:0px solid #fff;margin-top:2%;margin-bottom:2%\" class=\"wp-block-tcb-separator\"><\/div>\n\n\n\n<div class=\"wp-block-tcb-shifted-image-text columns-50-50\" style=\"background-color:#fff;margin:0 -5% 0 0\"><a class=\"image-16-9 force-second-col no-pointer\"><img src=\"https:\/\/careers.tuigroup.com\/wp-content\/uploads\/2023\/10\/IMG_6169-scaled.jpg\" alt=\"A football coach stood on the corner quadrant of the pitch with a ball under his feet. He is staring out across a football pitch with the sunset clear in view. he is wearing a TUI Football Coach uniform.\"\/><\/a><div class=\"centered-text fixed-padding-mobile\" style=\"padding:5%\">\n<h3 class=\"wp-block-heading has-dark-blue-color has-text-color\" id=\"h-fussballtrainer\">Fu\u00dfballtrainer<\/h3>\n\n\n\n<p class=\"has-dark-blue-color has-text-color\">Fu\u00dfballtrainer-Jobs im Ausland oder in deinem Heimatland. Arbeite bei TUI als qualifizierter Fu\u00dfballtrainer und arbeite in einem gro\u00dfen internationalen Team, das Erwachsenen und Kindern im Alter von 4 bis 16 Jahren professionelle Trainingseinheiten anbietet. Du kannst selbstst\u00e4ndig oder mit einem Co-Trainer arbeiten.<\/p>\n<\/div><\/div>\n\n\n\n<div style=\"width:100%;padding:2px;background-color:#fff;border:0px solid #fff;margin-top:2%;margin-bottom:2%\" class=\"wp-block-tcb-separator\"><\/div>\n\n\n\n<script type=\"text\/javascript\" src=\"https:\/\/static.pathmotion.io\/initjs\/init.min.js\" data-identifier=\"a8c88a0055f636e4a163a5e3d16adab7\" async=\"\" defer=\"\"><\/script>\n<div class=\"_pathmotion_plugin_js\" data-type=\"_pmpromobox\" data-app=\"tuigroup.career-inspiration.com\" data-insiders=\"[443453]\" data-title=\"Talk to our Insiders\" data-promote-livechat=\"true\"><\/div>\n\n\n\n<div style=\"width:100%;padding:2px;background-color:#fff;border:0px solid #fff;margin-top:2%;margin-bottom:2%\" class=\"wp-block-tcb-separator\"><\/div>\n\n\n\n<div class=\"wp-block-tcb-entrypoint-container entrypoints-container\">\n<div class=\"wp-block-tcb-entrypoint entrypoint\"><a href=\"\/holiday-destination-jobs\/how-we-employ\" class=\"\" target=\"_self\" rel=\"noopener noreferrer\"><img src=\"https:\/\/careers.tuigroup.com\/wp-content\/uploads\/2023\/03\/MicrosoftTeams-image-3.jpg\" alt=\"TUI Reps on a beach arm in arm waving at a plane about to go overhead.\"\/><div class=\"entrypoint-overlay\"><h2 class=\"entrypoint-headline\">DAS BIETEN WIR<\/h2><\/div><\/a><\/div>\n\n\n\n<div class=\"wp-block-tcb-entrypoint entrypoint\"><a href=\"https:\/\/careers.tuigroup.com\/life-at-tui\/\" class=\"\" target=\"_self\" rel=\"noopener noreferrer\"><img src=\"https:\/\/careers.tuigroup.com\/wp-content\/uploads\/2022\/09\/Screenshot-2022-09-15-at-13.08.23-e1663243757826.png\" alt=\"5 Reps stood smiling for the camera with palm trees in the background.\"\/><div class=\"entrypoint-overlay\"><h2 class=\"entrypoint-headline\">LIFE AT TUI<\/h2><\/div><\/a><\/div>\n\n\n\n<div class=\"wp-block-tcb-entrypoint entrypoint\"><a class=\"modal-target\" data-bs-toggle=\"modal\" data-bs-target=\"#modalOverlay-5\" target=\"_self\" rel=\"noopener noreferrer\"><img src=\"https:\/\/careers.tuigroup.com\/wp-content\/uploads\/2023\/03\/@aguycalledsaul.jpg\" alt=\"Three fitness instructors stood flexing n front of a pool with blue skies behind.\"\/><div class=\"entrypoint-overlay\"><h2 class=\"entrypoint-headline\">DEINE BEWERBUNGSREISE<\/h2><\/div><div class=\"modal fade\" id=\"modalOverlay-5\" tabindex=\"-1\" role=\"dialog\" aria-labelledby=\"modalTitle\" aria-hidden=\"true\"><div class=\"modal-dialog modal-dialog-centered\" role=\"document\"><div class=\"modal-content\"><div class=\"modal-header\"><h5 class=\"modal-title\" id=\"modalTitle\">DEINE BEWERBUNGSREISE<\/h5><button type=\"button\" class=\"btn-close\" data-bs-dismiss=\"modal\" aria-label=\"Close\"><\/button><\/div><div class=\"modal-body\"><img class=\"modalImage\" src=\"https:\/\/careers.tuigroup.com\/wp-content\/uploads\/2023\/03\/Candidate_Journey_V2_3-scaled.jpg\"\/><\/div><\/div><\/div><\/div><\/a><\/div>\n<\/div>\n\n\n\n<div style=\"width:100%;padding:2px;background-color:#fff;border:0px solid #fff;margin-top:2%;margin-bottom:2%\" class=\"wp-block-tcb-separator\"><\/div>\n\n\n\n<p class=\"has-dark-blue-color has-text-color has-large-font-size\"><strong>TUI JOBS IM AUSLAND<\/strong><\/p>\n\n\n\n<p>Wir finden, dass jeder die Wunder, die die Welt zu bieten hat, erleben sollte \u2013 und zwar nicht nur unsere G\u00e4ste. Finde deine Traumkarriere im Ausland bei TUI. Du bekommst einen flexiblen Arbeitsvertrag f\u00fcr L\u00e4nder wie Spanien, Griechenland und der T\u00fcrkei \u2013 aber dieser Weg kann dich \u00fcberall auf der Welt hinf\u00fchren. Du musst einen EU-Reisepass besitzen (oder beantragen k\u00f6nnen), um dich zu bewerben. Lass dich hier inspirieren!<\/p>\n\n\n\n\n\n<div style=\"width:100%;padding:2px;background-color:#fff;border:0px solid #fff;margin-top:2%;margin-bottom:2%\" class=\"wp-block-tcb-separator\"><\/div>\n\n\n\n<h2 class=\"wp-block-heading\" id=\"h-tui-jobs-in-deinem-heimatland\"><strong>TUI JOBS IN DEINEM HEIMATLAND<\/strong><\/h2>\n\n\n\n<p>Stimmt es, dass niemand einen Ort besser kennt als diejenigen, die dort leben? Lass es uns herausfinden! Als TUI Mitarbeiter*in inspirierst du Menschen mit deinem Fachwissen \u00fcber unglaubliche Orte, \u00fcberraschende Fakten und einzigartige Aktivit\u00e4ten, die unsere Reiseziele ausmachen. Wenn du in einem der folgenden L\u00e4nder ans\u00e4ssig bist, sowie alle&nbsp;<strong>Dokumente&nbsp;<\/strong>um dort Leben und Arbeiten zu d\u00fcrfen, bewirb dich noch heute!<\/p>\n\n\n\n\n\n<div style=\"width:100%;padding:2px;background-color:#fff;border:0px solid #fff;margin-top:2%;margin-bottom:2%\" class=\"wp-block-tcb-separator\"><\/div>\n\n\n\n<p><\/p>\n","protected":false},"excerpt":{"rendered":"<p>Um unsere neuesten Jobs in den Bereichen Fitness, Fu\u00dfball oder Schwimmen zu sehen, klicke auf das entsprechende Feld oben. TUI JOBS IM AUSLAND Wir finden, dass jeder die Wunder, die die Welt zu bieten hat, erleben sollte \u2013 und zwar nicht nur unsere G\u00e4ste. Finde deine Traumkarriere im Ausland bei TUI. Du bekommst einen flexiblen &hellip; <\/p>\n<p class=\"link-more\"><a href=\"https:\/\/demo-1.carlashub.com\/index.php\/jobs-im-ausland\/sport-fitness-jobs\/\" class=\"more-link\">Read More<span class=\"screen-reader-text\"> &#8220;Sport und Fitness Jobs&#8221;<\/span><\/a><\/p>\n","protected":false},"author":1,"featured_media":0,"parent":252635,"menu_order":0,"comment_status":"closed","ping_status":"closed","template":"","meta":[],"_links":{"self":[{"href":"https:\/\/demo-1.carlashub.com\/index.php\/wp-json\/wp\/v2\/pages\/254077"}],"collection":[{"href":"https:\/\/demo-1.carlashub.com\/index.php\/wp-json\/wp\/v2\/pages"}],"about":[{"href":"https:\/\/demo-1.carlashub.com\/index.php\/wp-json\/wp\/v2\/types\/page"}],"author":[{"embeddable":true,"href":"https:\/\/demo-1.carlashub.com\/index.php\/wp-json\/wp\/v2\/users\/1"}],"replies":[{"embeddable":true,"href":"https:\/\/demo-1.carlashub.com\/index.php\/wp-json\/wp\/v2\/comments?post=254077"}],"version-history":[{"count":0,"href":"https:\/\/demo-1.carlashub.com\/index.php\/wp-json\/wp\/v2\/pages\/254077\/revisions"}],"up":[{"embeddable":true,"href":"https:\/\/demo-1.carlashub.com\/index.php\/wp-json\/wp\/v2\/pages\/252635"}],"wp:attachment":[{"href":"https:\/\/demo-1.carlashub.com\/index.php\/wp-json\/wp\/v2\/media?parent=254077"}],"curies":[{"name":"wp","href":"https:\/\/api.w.org\/{rel}","templated":true}]}}